{"id":1163188,"date":"2024-04-05T16:47:41","date_gmt":"2024-04-05T14:47:41","guid":{"rendered":"https:\/\/www.furniz.sk\/my-account\/"},"modified":"2025-01-09T23:43:00","modified_gmt":"2025-01-09T22:43:00","slug":"my-account","status":"publish","type":"page","link":"https:\/\/www.furniz.sk\/cs\/my-account\/","title":{"rendered":"My Account"},"content":{"rendered":"<div class=\"woocommerce\">\r\n\n<div id=\"otp-popup\" style=\"display: none;\" class=\"cev-authorization-grid__visual\">\n\t<div class=\"otp_popup_inn\">\n\t\t<div class=\"otp_content\">\n\t\t\t<div class=\"cev-authorization-grid__visual\">\n\t\t\t\t<div class=\"cev-authorization-grid__holder\">\n\t\t\t\t\t<div class=\"cev-authorization-grid__inner\" style=\"max-width: 440;\">\n\t\t\t\t\t\t<div class=\"cev-authorization\" style=\"background: #f5f5f5;\">\n\t\t\t\t\t\t\t<section class=\"cev-authorization__holder\" style=\"text-align: Center;  padding: 30px; \">\n\t\t\t\t\t\t\t\t\n\t\t\t\t\t\t\t\t<div class=\"popup_image\">\t                                 \n\t\t\t\t\t\t\t\t\t\t\t\t\t\t\t\t\t\t<img decoding=\"async\" src=\"https:\/\/www.furniz.sk\/wp-content\/plugins\/customer-email-verification\/assets\/css\/images\/email-verification.svg \" style=\"width:80px;\">\n\t\t\t\t\t\t\t\t\t\t\t\t\t\t\t\t\t<\/div>\n\t\t\t\t\t\t\t\t\n\t\t\t\t\t\t\t\t\t<div class=\"cev-authorization__heading\">\n\t\t\t\t\t\t\t\t\t\t<span class=\"cev-authorization__title\" style=\"font-size: 18px;\">\n\t\t\t\t\t\t\t\t\t\t\tOverte svoj \u00fa\u010det!\t\t\t\t\t\t\t\t\t\t<\/span>\n\t\t\t\t\t\t\t\t\t\t<span class=\"cev-authorization__description\" style=\"text-align:Center;\">\n\t\t\t\t\t\t\t\t\t\t\tPoslali sme overovac\u00ed k\u00f3d. Ak chcete overi\u0165 svoju e-mailov\u00fa adresu, skontrolujte svoju doru\u010den\u00fa po\u0161tu a zadajte k\u00f3d ni\u017e\u0161ie.\t\t\t\t\t\t\t\t\t\t<\/span>\n\t\t\t\t\t\t\t\t\t<\/div>\n\t\t\t\t\t\t\t\t\t\t\t\t\t\t\t\t\t\t<div class=\"otp-container\">\n\t\t\t\t\t\t\t\t\t\t\t\t\t\t\t\t\t\t\t\t\t<input type=\"text\" maxlength=\"1\" class=\"otp-input\" id=\"otp_input_otp_input_1\" \/>\n\t\t\t\t\t\t\t\t\t\t\t\t\t\t\t\t\t\t\t\t\t<input type=\"text\" maxlength=\"1\" class=\"otp-input\" id=\"otp_input_otp_input_2\" \/>\n\t\t\t\t\t\t\t\t\t\t\t\t\t\t\t\t\t\t\t\t\t<input type=\"text\" maxlength=\"1\" class=\"otp-input\" id=\"otp_input_otp_input_3\" \/>\n\t\t\t\t\t\t\t\t\t\t\t\t\t\t\t\t\t\t\t\t\t<input type=\"text\" maxlength=\"1\" class=\"otp-input\" id=\"otp_input_otp_input_4\" \/>\n\t\t\t\t\t\t\t\t\t\t\t\t\t\t\t\t\t\t\t<\/div>\n\t\t\t\t\t\t\t\t\t<div class=\"error_mesg\"><\/div>\t\n\t\t\t\t\t\t\t\t\t<input type=\"hidden\" value=\"1\" name=\"cev_enable_email_verification_popup\" id=\"cev_enable_email_verification_popup\">\n\t\t\t\t\t\t\t\t\t<input type=\"hidden\" value=\"yes\" name=\"password_setup_link_enabled\" id=\"password_setup_link_enabled\">\n\t\t\t\t\t\t\t\t\t<button id=\"verify-otp-button\" style=\"display: none;\">Verify<\/button>\n\t\t\t\t\t\t\t\t<p class=\"resend_sucsess\" style=\"color: green; display:none\">Otp Send Sucsessfully<\/p>\n\t\t\t\t\t\t\t\t\t<footer class=\"cev-authorization__footer\" style=\"text-align: Center;\">\n\t\t\t\t\t\t\t\t\tNedostali ste email?<strong>\t\t\t\t<a href=\"#\" class=\"cev-link-try-again resend_verification_code_guest_user  \" data-nonce=\"42354ad584\">Try Again<\/a>\n\t\t\t\t<\/strong>\t\t\t\t\t\t\t\t<\/footer>\n\t\t\t\t\t\t\t<\/section>\t\n\t\t\t\t\t\t<\/div>\n\t\t\t\t\t<\/div>\n\t\t\t\t<\/div>\n\t\t\t<\/div>\n\t\t<\/div>\n\t<\/div>\n\n<\/div>\n<div class=\"cev_loading_overlay\"><\/div>\n<style>\n\t.cev-authorization-grid__visual{\n\t\tbackground-color: rgb(255,255,255) !important;\t\n\t}\t\n\thtml { background: none;}\n\t\n\t.customize-partial-edit-shortcut-button {\n\t\tdisplay: none;\n\t}\n<\/style>\n<div class=\"woocommerce-notices-wrapper\"><\/div>\r\n\r\n<div class=\"customer-login\">\r\n\r\n    <div class=\"row\">\r\n\r\n        <div class=\"col-md-6 col-sm-6 col-md-offset-3 col-sm-offset-3 col-login\">\r\n            <div class=\"martfury-login-tabs\">\r\n                <ul class=\"tabs-nav\">\r\n                    <li class=\"active\"><a href=\"#\"\r\n                                          class=\"active\">Log in<\/a>\r\n                    <\/li>\r\n\t\t\t\t\t                        <li><a class=\"\"\r\n                               href=\"#\">Register<\/a><\/li>\r\n\t\t\t\t\t                <\/ul>\r\n                <div class=\"tabs-content\">\r\n\r\n                    <div class=\"tabs-panel active\">\r\n\r\n                        <h2>Log In Your Account<\/h2>\r\n\r\n                        <form class=\"woocommerce-form woocommerce-form-login login\" method=\"post\">\r\n\r\n\t\t\t\t\t\t\t\r\n                            <p class=\"woocommerce-form-row woocommerce-form-row--wide form-row form-row-wide\">\r\n                                <input type=\"text\" class=\"woocommerce-Input woocommerce-Input--text input-text\" required\r\n                                       placeholder=\"Username or email address\"\r\n                                       name=\"username\" id=\"username\" autocomplete=\"username\"\r\n                                       value=\"\"\/>\r\n                            <\/p>\r\n\r\n                            <p class=\"woocommerce-form-row woocommerce-form-row--wide form-row form-row-wide form-row-password\">\r\n                                <input class=\"woocommerce-Input woocommerce-Input--text input-text\" required\r\n                                       placeholder=\"Password\" type=\"password\"\r\n                                       autocomplete=\"current-password\"\r\n                                       name=\"password\" id=\"password\"\/>\r\n                            <\/p>\r\n\r\n\t\t\t\t\t\t\t\r\n                            <p class=\"form-row\">\r\n                                <span class=\"woocommerce-form-row__remember\">\r\n                                    <label class=\"woocommerce-form__label woocommerce-form__label-for-checkbox woocommerce-form-login__rememberme\">\r\n                                        <input class=\"woocommerce-form__input woocommerce-form__input-checkbox\"\r\n                                               name=\"rememberme\" type=\"checkbox\" id=\"rememberme\" value=\"forever\"\/>\r\n                                        <span>Remember me<\/span>\r\n                                     <\/label>\r\n                                   <a class=\"lost-password\"\r\n                                      href=\"https:\/\/www.furniz.sk\/cs\/my-account\/lost-password\/\">Forgot your password?<\/a>\r\n                                <\/span>\r\n\r\n\t\t\t\t\t\t\t\t<input type=\"hidden\" id=\"woocommerce-login-nonce\" name=\"woocommerce-login-nonce\" value=\"310f8e45d7\" \/><input type=\"hidden\" name=\"_wp_http_referer\" value=\"\/cs\/wp-json\/wp\/v2\/pages\/1163188\" \/>                                <button type=\"submit\" class=\"woocommerce-Button button\" name=\"login\"\r\n                                        value=\"Log in\">Log in<\/button>\r\n                            <\/p>\r\n\r\n\t\t\t\t\t\t\t\r\n                        <\/form>\r\n                    <\/div>\r\n\r\n\t\t\t\t\t\r\n                        <div class=\"tabs-panel \">\r\n\r\n                            <h2>Register An Account<\/h2>\r\n\r\n                            <form method=\"post\" class=\"register woocommerce-form woocommerce-form-register\"  >\r\n\r\n\t\t\t\t\t\t\t\t\r\n\t\t\t\t\t\t\t\t\r\n                                <p class=\"woocommerce-form-row woocommerce-form-row--wide form-row form-row-wide\">\r\n                                    <input type=\"email\" required\r\n                                           class=\"woocommerce-Input woocommerce-Input--text input-text\"\r\n                                           placeholder=\"Email address\"\r\n                                           name=\"email\" id=\"reg_email\" autocomplete=\"email\"\r\n                                           value=\"\"\/>\r\n                                <\/p>\r\n\r\n\t\t\t\t\t\t\t\t\r\n                                    <p>A password will be sent to your email address.<\/p>\r\n\r\n\t\t\t\t\t\t\t\t\r\n\t\t\t\t\t\t\t\t<input type=\"hidden\" name=\"wc_order_attribution_source_type\" value=\"\" \/><input type=\"hidden\" name=\"wc_order_attribution_referrer\" value=\"\" \/><input type=\"hidden\" name=\"wc_order_attribution_utm_campaign\" value=\"\" \/><input type=\"hidden\" name=\"wc_order_attribution_utm_source\" value=\"\" \/><input type=\"hidden\" name=\"wc_order_attribution_utm_medium\" value=\"\" \/><input type=\"hidden\" name=\"wc_order_attribution_utm_content\" value=\"\" \/><input type=\"hidden\" name=\"wc_order_attribution_utm_id\" value=\"\" \/><input type=\"hidden\" name=\"wc_order_attribution_utm_term\" value=\"\" \/><input type=\"hidden\" name=\"wc_order_attribution_session_entry\" value=\"\" \/><input type=\"hidden\" name=\"wc_order_attribution_session_start_time\" value=\"\" \/><input type=\"hidden\" name=\"wc_order_attribution_session_pages\" value=\"\" \/><input type=\"hidden\" name=\"wc_order_attribution_session_count\" value=\"\" \/><input type=\"hidden\" name=\"wc_order_attribution_user_agent\" value=\"\" \/><div class=\"woocommerce-privacy-policy-text\"><p>Va\u0161e osobn\u00e9 \u00fadaje bud\u00fa pou\u017eit\u00e9 na zjednodu\u0161enie pou\u017e\u00edvania tejto webovej str\u00e1nky, na spr\u00e1vu prihlasovania do v\u00e1\u0161ho \u00fa\u010dtu a na in\u00e9 \u00fa\u010dely op\u00edsan\u00e9 v dokumente <a href=\"https:\/\/www.furniz.sk\/ochrana-osobnych-udajov\/\" class=\"woocommerce-privacy-policy-link\" target=\"_blank\">ochrana osobn\u00edch \u00fadaj\u016f<\/a>.<\/p>\n<\/div>\r\n                                <p class=\"woocommerce-form-row form-row\">\r\n\t\t\t\t\t\t\t\t\t<input type=\"hidden\" id=\"woocommerce-register-nonce\" name=\"woocommerce-register-nonce\" value=\"356f09376e\" \/><input type=\"hidden\" name=\"_wp_http_referer\" value=\"\/cs\/wp-json\/wp\/v2\/pages\/1163188\" \/>                                    <button type=\"submit\" class=\"woocommerce-Button button\" name=\"register\"\r\n                                            value=\"Register\">Register<\/button>\r\n                                <\/p>\r\n\r\n\t\t\t\t\t\t\t\t\r\n                            <\/form>\r\n\r\n                        <\/div>\r\n\r\n\t\t\t\t\t\r\n                <\/div>\r\n            <\/div>\r\n        <\/div>\r\n\r\n\t\t\r\n    <\/div>\r\n<\/div>\r\n\r\n<\/div>\n","protected":false},"excerpt":{"rendered":"Log in Register Log In Your Account Remember me Forgot your password? Log in Register An Account A password will be sent to your email address. Va\u0161e osobn\u00e9 \u00fadaje bud\u00fa pou\u017eit\u00e9 na zjednodu\u0161enie pou\u017e\u00edvania tejto webovej str\u00e1nky, na spr\u00e1vu prihlasovania do v\u00e1\u0161ho \u00fa\u010dtu a na in\u00e9 \u00fa\u010dely op\u00edsan\u00e9 v dokumente ochrana osobn\u00edch \u00fadaj\u016f. Register","protected":false},"author":1,"featured_media":0,"parent":0,"menu_order":0,"comment_status":"closed","ping_status":"closed","template":"","meta":{"_seopress_robots_primary_cat":"","_seopress_titles_title":"","_seopress_titles_desc":"","_seopress_robots_index":"","_uag_custom_page_level_css":"","footnotes":""},"class_list":["post-1163188","page","type-page","status-publish","hentry"],"uagb_featured_image_src":{"full":false,"thumbnail":false,"medium":false,"medium_large":false,"large":false,"1536x1536":false,"2048x2048":false,"martfury-blog-grid":false,"martfury-blog-list":false,"martfury-blog-masonry":false,"woocommerce_thumbnail":false,"woocommerce_single":false,"woocommerce_gallery_thumbnail":false},"uagb_author_info":{"display_name":"simon.patrik@hotmail.com","author_link":"https:\/\/www.furniz.sk\/cs\/author\/simon-patrikhotmail-com\/"},"uagb_comment_info":0,"uagb_excerpt":null,"_links":{"self":[{"href":"https:\/\/www.furniz.sk\/cs\/wp-json\/wp\/v2\/pages\/1163188","targetHints":{"allow":["GET"]}}],"collection":[{"href":"https:\/\/www.furniz.sk\/cs\/wp-json\/wp\/v2\/pages"}],"about":[{"href":"https:\/\/www.furniz.sk\/cs\/wp-json\/wp\/v2\/types\/page"}],"author":[{"embeddable":true,"href":"https:\/\/www.furniz.sk\/cs\/wp-json\/wp\/v2\/users\/1"}],"replies":[{"embeddable":true,"href":"https:\/\/www.furniz.sk\/cs\/wp-json\/wp\/v2\/comments?post=1163188"}],"version-history":[{"count":0,"href":"https:\/\/www.furniz.sk\/cs\/wp-json\/wp\/v2\/pages\/1163188\/revisions"}],"wp:attachment":[{"href":"https:\/\/www.furniz.sk\/cs\/wp-json\/wp\/v2\/media?parent=1163188"}],"curies":[{"name":"wp","href":"https:\/\/api.w.org\/{rel}","templated":true}]}}