{"id":1375650,"date":"2025-02-13T11:52:22","date_gmt":"2025-02-13T10:52:22","guid":{"rendered":"https:\/\/www.furniz.sk\/produkt\/furniz-konferencny-stolik-s-2-zasuvkami-masivne-mangove-drevo-100x60x40-cm\/"},"modified":"2025-02-16T01:26:25","modified_gmt":"2025-02-16T00:26:25","slug":"furniz-konferencny-stolik-s-2-zasuvkami-masivne-mangove-drevo-100x60x40-cm","status":"publish","type":"product","link":"https:\/\/www.furniz.sk\/cs\/produkt\/furniz-konferencny-stolik-s-2-zasuvkami-masivne-mangove-drevo-100x60x40-cm\/","title":{"rendered":"Furniz Konferen\u010dn\u00fd stol\u00edk s 2 z\u00e1suvkami, mas\u00edvne mangov\u00e9 drevo, 100x60x40 cm"},"content":{"rendered":"","protected":false},"excerpt":{"rendered":"","protected":false},"featured_media":1375651,"template":"","meta":{"_seopress_robots_primary_cat":"","_seopress_titles_title":"","_seopress_titles_desc":"","_seopress_robots_index":"","_uag_custom_page_level_css":""},"product_cat":[306,307,305,197],"product_tag":[],"class_list":{"0":"post-1375650","1":"product","2":"type-product","3":"status-publish","4":"has-post-thumbnail","6":"product_cat-konferencne-a-odkladacie-stoliky","7":"product_cat-konferencne-stoliky","8":"product_cat-stoly","9":"product_cat-nabytok","10":"pa_color-hneda","12":"first","13":"instock","14":"taxable","15":"shipping-taxable","16":"purchasable","17":"product-type-simple","18":"col-xs-6 col-sm-4","19":"col-md-3 col-lg-3","20":"un-4-cols"},"uagb_featured_image_src":{"full":["https:\/\/vdxl.im\/8718475993858_a_en_hd_1.jpg",0,0,false],"thumbnail":["https:\/\/vdxl.im\/8718475993858_a_en_hd_1.jpg",1,1,false],"medium":["https:\/\/vdxl.im\/8718475993858_a_en_hd_1.jpg",1,1,false],"medium_large":["https:\/\/vdxl.im\/8718475993858_a_en_hd_1.jpg",1,1,false],"large":["https:\/\/vdxl.im\/8718475993858_a_en_hd_1.jpg",1,1,false],"1536x1536":["https:\/\/vdxl.im\/8718475993858_a_en_hd_1.jpg",1,1,false],"2048x2048":["https:\/\/vdxl.im\/8718475993858_a_en_hd_1.jpg",1,1,false],"martfury-blog-grid":["https:\/\/vdxl.im\/8718475993858_a_en_hd_1.jpg",1,1,false],"martfury-blog-list":["https:\/\/vdxl.im\/8718475993858_a_en_hd_1.jpg",1,1,false],"martfury-blog-masonry":["https:\/\/vdxl.im\/8718475993858_a_en_hd_1.jpg",1,1,false],"woocommerce_thumbnail":["https:\/\/vdxl.im\/8718475993858_a_en_hd_1.jpg",1,1,false],"woocommerce_single":["https:\/\/vdxl.im\/8718475993858_a_en_hd_1.jpg",1,1,false],"woocommerce_gallery_thumbnail":["https:\/\/vdxl.im\/8718475993858_a_en_hd_1.jpg",1,1,false]},"uagb_author_info":{"display_name":"","author_link":"https:\/\/www.furniz.sk\/cs\/author\/"},"uagb_comment_info":0,"uagb_excerpt":null,"_links":{"self":[{"href":"https:\/\/www.furniz.sk\/cs\/wp-json\/wp\/v2\/product\/1375650","targetHints":{"allow":["GET"]}}],"collection":[{"href":"https:\/\/www.furniz.sk\/cs\/wp-json\/wp\/v2\/product"}],"about":[{"href":"https:\/\/www.furniz.sk\/cs\/wp-json\/wp\/v2\/types\/product"}],"wp:featuredmedia":[{"embeddable":true,"href":"https:\/\/www.furniz.sk\/cs\/wp-json\/wp\/v2\/media\/1375651"}],"wp:attachment":[{"href":"https:\/\/www.furniz.sk\/cs\/wp-json\/wp\/v2\/media?parent=1375650"}],"wp:term":[{"taxonomy":"product_cat","embeddable":true,"href":"https:\/\/www.furniz.sk\/cs\/wp-json\/wp\/v2\/product_cat?post=1375650"},{"taxonomy":"product_tag","embeddable":true,"href":"https:\/\/www.furniz.sk\/cs\/wp-json\/wp\/v2\/product_tag?post=1375650"}],"curies":[{"name":"wp","href":"https:\/\/api.w.org\/{rel}","templated":true}]}}