{"id":1381564,"date":"2025-02-13T12:01:00","date_gmt":"2025-02-13T11:01:00","guid":{"rendered":"https:\/\/www.furniz.sk\/produkt\/furniz-skladaci-party-stan-s-bocnymi-stenami-kremovy-3x6-m\/"},"modified":"2025-02-16T01:04:56","modified_gmt":"2025-02-16T00:04:56","slug":"furniz-skladaci-party-stan-s-bocnymi-stenami-kremovy-3x6-m","status":"publish","type":"product","link":"https:\/\/www.furniz.sk\/cs\/produkt\/furniz-skladaci-party-stan-s-bocnymi-stenami-kremovy-3x6-m\/","title":{"rendered":"Furniz Skladac\u00ed p\u00e1rty stan s bo\u010dn\u00fdmi stenami kr\u00e9mov\u00fd 3&#215;6 m"},"content":{"rendered":"","protected":false},"excerpt":{"rendered":"","protected":false},"featured_media":1381565,"template":"","meta":{"_seopress_robots_primary_cat":"","_seopress_titles_title":"","_seopress_titles_desc":"","_seopress_robots_index":"","_uag_custom_page_level_css":""},"product_cat":[254,275,222,220,221],"product_tag":[],"class_list":{"0":"post-1381564","1":"product","2":"type-product","3":"status-publish","4":"has-post-thumbnail","6":"product_cat-zahradne-pristresky","7":"product_cat-zahradne-stany-a-altanky","8":"product_cat-byvanie-v-zahrade","9":"product_cat-dom-a-zahrada","10":"product_cat-travnik-a-zahrada","11":"pa_color-kremova","13":"first","14":"instock","15":"taxable","16":"shipping-taxable","17":"purchasable","18":"product-type-simple","19":"col-xs-6 col-sm-4","20":"col-md-3 col-lg-3","21":"un-4-cols"},"uagb_featured_image_src":{"full":["https:\/\/vdxl.im\/8720286974773_m_en_hd_1.jpg",0,0,false],"thumbnail":["https:\/\/vdxl.im\/8720286974773_m_en_hd_1.jpg",1,1,false],"medium":["https:\/\/vdxl.im\/8720286974773_m_en_hd_1.jpg",1,1,false],"medium_large":["https:\/\/vdxl.im\/8720286974773_m_en_hd_1.jpg",1,1,false],"large":["https:\/\/vdxl.im\/8720286974773_m_en_hd_1.jpg",1,1,false],"1536x1536":["https:\/\/vdxl.im\/8720286974773_m_en_hd_1.jpg",1,1,false],"2048x2048":["https:\/\/vdxl.im\/8720286974773_m_en_hd_1.jpg",1,1,false],"martfury-blog-grid":["https:\/\/vdxl.im\/8720286974773_m_en_hd_1.jpg",1,1,false],"martfury-blog-list":["https:\/\/vdxl.im\/8720286974773_m_en_hd_1.jpg",1,1,false],"martfury-blog-masonry":["https:\/\/vdxl.im\/8720286974773_m_en_hd_1.jpg",1,1,false],"woocommerce_thumbnail":["https:\/\/vdxl.im\/8720286974773_m_en_hd_1.jpg",1,1,false],"woocommerce_single":["https:\/\/vdxl.im\/8720286974773_m_en_hd_1.jpg",1,1,false],"woocommerce_gallery_thumbnail":["https:\/\/vdxl.im\/8720286974773_m_en_hd_1.jpg",1,1,false]},"uagb_author_info":{"display_name":"","author_link":"https:\/\/www.furniz.sk\/cs\/author\/"},"uagb_comment_info":0,"uagb_excerpt":null,"_links":{"self":[{"href":"https:\/\/www.furniz.sk\/cs\/wp-json\/wp\/v2\/product\/1381564","targetHints":{"allow":["GET"]}}],"collection":[{"href":"https:\/\/www.furniz.sk\/cs\/wp-json\/wp\/v2\/product"}],"about":[{"href":"https:\/\/www.furniz.sk\/cs\/wp-json\/wp\/v2\/types\/product"}],"wp:featuredmedia":[{"embeddable":true,"href":"https:\/\/www.furniz.sk\/cs\/wp-json\/wp\/v2\/media\/1381565"}],"wp:attachment":[{"href":"https:\/\/www.furniz.sk\/cs\/wp-json\/wp\/v2\/media?parent=1381564"}],"wp:term":[{"taxonomy":"product_cat","embeddable":true,"href":"https:\/\/www.furniz.sk\/cs\/wp-json\/wp\/v2\/product_cat?post=1381564"},{"taxonomy":"product_tag","embeddable":true,"href":"https:\/\/www.furniz.sk\/cs\/wp-json\/wp\/v2\/product_tag?post=1381564"}],"curies":[{"name":"wp","href":"https:\/\/api.w.org\/{rel}","templated":true}]}}