{"id":1385682,"date":"2025-02-13T12:03:48","date_gmt":"2025-02-13T11:03:48","guid":{"rendered":"https:\/\/www.furniz.sk\/produkt\/furniz-regal-na-topanky-114x37x45-cm-dubovy-masiv\/"},"modified":"2025-02-16T00:50:10","modified_gmt":"2025-02-15T23:50:10","slug":"furniz-regal-na-topanky-114x37x45-cm-dubovy-masiv","status":"publish","type":"product","link":"https:\/\/www.furniz.sk\/cs\/produkt\/furniz-regal-na-topanky-114x37x45-cm-dubovy-masiv\/","title":{"rendered":"Furniz Reg\u00e1l na top\u00e1nky 114x37x45 cm dubov\u00fd mas\u00edv"},"content":{"rendered":"","protected":false},"excerpt":{"rendered":"","protected":false},"featured_media":1385683,"template":"","meta":{"_seopress_robots_primary_cat":"","_seopress_titles_title":"","_seopress_titles_desc":"","_seopress_robots_index":"","_uag_custom_page_level_css":""},"product_cat":[313,343,355,356,220],"product_tag":[],"class_list":{"0":"post-1385682","1":"product","2":"type-product","3":"status-publish","4":"has-post-thumbnail","6":"product_cat-domace-potreby","7":"product_cat-skladovanie-a-triedenie","8":"product_cat-skladovanie-oblecenia","9":"product_cat-skrinky-a-regaly-na-topanky","10":"product_cat-dom-a-zahrada","11":"pa_color-hneda","13":"first","14":"instock","15":"taxable","16":"shipping-taxable","17":"purchasable","18":"product-type-simple","19":"col-xs-6 col-sm-4","20":"col-md-3 col-lg-3","21":"un-4-cols"},"uagb_featured_image_src":{"full":["https:\/\/vdxl.im\/8720286380383_a_en_hd_1.jpg",0,0,false],"thumbnail":["https:\/\/vdxl.im\/8720286380383_a_en_hd_1.jpg",1,1,false],"medium":["https:\/\/vdxl.im\/8720286380383_a_en_hd_1.jpg",1,1,false],"medium_large":["https:\/\/vdxl.im\/8720286380383_a_en_hd_1.jpg",1,1,false],"large":["https:\/\/vdxl.im\/8720286380383_a_en_hd_1.jpg",1,1,false],"1536x1536":["https:\/\/vdxl.im\/8720286380383_a_en_hd_1.jpg",1,1,false],"2048x2048":["https:\/\/vdxl.im\/8720286380383_a_en_hd_1.jpg",1,1,false],"martfury-blog-grid":["https:\/\/vdxl.im\/8720286380383_a_en_hd_1.jpg",1,1,false],"martfury-blog-list":["https:\/\/vdxl.im\/8720286380383_a_en_hd_1.jpg",1,1,false],"martfury-blog-masonry":["https:\/\/vdxl.im\/8720286380383_a_en_hd_1.jpg",1,1,false],"woocommerce_thumbnail":["https:\/\/vdxl.im\/8720286380383_a_en_hd_1.jpg",1,1,false],"woocommerce_single":["https:\/\/vdxl.im\/8720286380383_a_en_hd_1.jpg",1,1,false],"woocommerce_gallery_thumbnail":["https:\/\/vdxl.im\/8720286380383_a_en_hd_1.jpg",1,1,false]},"uagb_author_info":{"display_name":"","author_link":"https:\/\/www.furniz.sk\/cs\/author\/"},"uagb_comment_info":0,"uagb_excerpt":null,"_links":{"self":[{"href":"https:\/\/www.furniz.sk\/cs\/wp-json\/wp\/v2\/product\/1385682","targetHints":{"allow":["GET"]}}],"collection":[{"href":"https:\/\/www.furniz.sk\/cs\/wp-json\/wp\/v2\/product"}],"about":[{"href":"https:\/\/www.furniz.sk\/cs\/wp-json\/wp\/v2\/types\/product"}],"wp:featuredmedia":[{"embeddable":true,"href":"https:\/\/www.furniz.sk\/cs\/wp-json\/wp\/v2\/media\/1385683"}],"wp:attachment":[{"href":"https:\/\/www.furniz.sk\/cs\/wp-json\/wp\/v2\/media?parent=1385682"}],"wp:term":[{"taxonomy":"product_cat","embeddable":true,"href":"https:\/\/www.furniz.sk\/cs\/wp-json\/wp\/v2\/product_cat?post=1385682"},{"taxonomy":"product_tag","embeddable":true,"href":"https:\/\/www.furniz.sk\/cs\/wp-json\/wp\/v2\/product_tag?post=1385682"}],"curies":[{"name":"wp","href":"https:\/\/api.w.org\/{rel}","templated":true}]}}