{"id":1411926,"date":"2025-02-13T13:11:30","date_gmt":"2025-02-13T12:11:30","guid":{"rendered":"https:\/\/www.furniz.sk\/produkt\/furniz-posuvne-dvere-esg-sklo-a-hlinik-90x212-cm-strieborne\/"},"modified":"2025-02-15T23:08:12","modified_gmt":"2025-02-15T22:08:12","slug":"furniz-posuvne-dvere-esg-sklo-a-hlinik-90x212-cm-strieborne","status":"publish","type":"product","link":"https:\/\/www.furniz.sk\/cs\/produkt\/furniz-posuvne-dvere-esg-sklo-a-hlinik-90x212-cm-strieborne\/","title":{"rendered":"Furniz Posuvn\u00e9 dvere ESG sklo a hlin\u00edk 90&#215;212 cm strieborn\u00e9"},"content":{"rendered":"","protected":false},"excerpt":{"rendered":"","protected":false},"featured_media":1411927,"template":"","meta":{"_seopress_robots_primary_cat":"","_seopress_titles_title":"","_seopress_titles_desc":"","_seopress_robots_index":"","_uag_custom_page_level_css":""},"product_cat":[381,206,207],"product_tag":[],"class_list":{"0":"post-1411926","1":"product","2":"type-product","3":"status-publish","4":"has-post-thumbnail","6":"product_cat-dvere","7":"product_cat-naradie","8":"product_cat-stavebny-material","9":"pa_color-srieborna","11":"first","12":"instock","13":"taxable","14":"shipping-taxable","15":"purchasable","16":"product-type-simple","17":"col-xs-6 col-sm-4","18":"col-md-3 col-lg-3","19":"un-4-cols"},"uagb_featured_image_src":{"full":["https:\/\/vdxl.im\/8719883886695_m_en_hd_1.jpg",0,0,false],"thumbnail":["https:\/\/vdxl.im\/8719883886695_m_en_hd_1.jpg",1,1,false],"medium":["https:\/\/vdxl.im\/8719883886695_m_en_hd_1.jpg",1,1,false],"medium_large":["https:\/\/vdxl.im\/8719883886695_m_en_hd_1.jpg",1,1,false],"large":["https:\/\/vdxl.im\/8719883886695_m_en_hd_1.jpg",1,1,false],"1536x1536":["https:\/\/vdxl.im\/8719883886695_m_en_hd_1.jpg",1,1,false],"2048x2048":["https:\/\/vdxl.im\/8719883886695_m_en_hd_1.jpg",1,1,false],"martfury-blog-grid":["https:\/\/vdxl.im\/8719883886695_m_en_hd_1.jpg",1,1,false],"martfury-blog-list":["https:\/\/vdxl.im\/8719883886695_m_en_hd_1.jpg",1,1,false],"martfury-blog-masonry":["https:\/\/vdxl.im\/8719883886695_m_en_hd_1.jpg",1,1,false],"woocommerce_thumbnail":["https:\/\/vdxl.im\/8719883886695_m_en_hd_1.jpg",1,1,false],"woocommerce_single":["https:\/\/vdxl.im\/8719883886695_m_en_hd_1.jpg",1,1,false],"woocommerce_gallery_thumbnail":["https:\/\/vdxl.im\/8719883886695_m_en_hd_1.jpg",1,1,false]},"uagb_author_info":{"display_name":"","author_link":"https:\/\/www.furniz.sk\/cs\/author\/"},"uagb_comment_info":0,"uagb_excerpt":null,"_links":{"self":[{"href":"https:\/\/www.furniz.sk\/cs\/wp-json\/wp\/v2\/product\/1411926","targetHints":{"allow":["GET"]}}],"collection":[{"href":"https:\/\/www.furniz.sk\/cs\/wp-json\/wp\/v2\/product"}],"about":[{"href":"https:\/\/www.furniz.sk\/cs\/wp-json\/wp\/v2\/types\/product"}],"wp:featuredmedia":[{"embeddable":true,"href":"https:\/\/www.furniz.sk\/cs\/wp-json\/wp\/v2\/media\/1411927"}],"wp:attachment":[{"href":"https:\/\/www.furniz.sk\/cs\/wp-json\/wp\/v2\/media?parent=1411926"}],"wp:term":[{"taxonomy":"product_cat","embeddable":true,"href":"https:\/\/www.furniz.sk\/cs\/wp-json\/wp\/v2\/product_cat?post=1411926"},{"taxonomy":"product_tag","embeddable":true,"href":"https:\/\/www.furniz.sk\/cs\/wp-json\/wp\/v2\/product_tag?post=1411926"}],"curies":[{"name":"wp","href":"https:\/\/api.w.org\/{rel}","templated":true}]}}