{"id":1412072,"date":"2025-02-13T13:11:40","date_gmt":"2025-02-13T12:11:40","guid":{"rendered":"https:\/\/www.furniz.sk\/produkt\/furniz-kuchynska-nastenna-skrinka-s-posuvnymi-dvierkami-150x40x50-cm-nehrdzavejuca-ocel\/"},"modified":"2025-02-15T23:07:34","modified_gmt":"2025-02-15T22:07:34","slug":"furniz-kuchynska-nastenna-skrinka-s-posuvnymi-dvierkami-150x40x50-cm-nehrdzavejuca-ocel","status":"publish","type":"product","link":"https:\/\/www.furniz.sk\/cs\/produkt\/furniz-kuchynska-nastenna-skrinka-s-posuvnymi-dvierkami-150x40x50-cm-nehrdzavejuca-ocel\/","title":{"rendered":"Furniz Kuchynsk\u00e1 n\u00e1stenn\u00e1 skrinka s posuvn\u00fdmi dvierkami 150x40x50 cm nehrdzavej\u00faca oce\u013e"},"content":{"rendered":"","protected":false},"excerpt":{"rendered":"","protected":false},"featured_media":1412073,"template":"","meta":{"_seopress_robots_primary_cat":"","_seopress_titles_title":"","_seopress_titles_desc":"","_seopress_robots_index":"","_uag_custom_page_level_css":""},"product_cat":[363,430,220],"product_tag":[],"class_list":{"0":"post-1412072","1":"product","2":"type-product","3":"status-publish","4":"has-post-thumbnail","6":"product_cat-kuchyne-a-jedalne","7":"product_cat-skladovanie-potravin","8":"product_cat-dom-a-zahrada","9":"pa_color-siva","11":"first","12":"instock","13":"taxable","14":"shipping-taxable","15":"purchasable","16":"product-type-simple","17":"col-xs-6 col-sm-4","18":"col-md-3 col-lg-3","19":"un-4-cols"},"uagb_featured_image_src":{"full":["https:\/\/vdxl.im\/8719883680965_a_en_hd_1.jpg",0,0,false],"thumbnail":["https:\/\/vdxl.im\/8719883680965_a_en_hd_1.jpg",1,1,false],"medium":["https:\/\/vdxl.im\/8719883680965_a_en_hd_1.jpg",1,1,false],"medium_large":["https:\/\/vdxl.im\/8719883680965_a_en_hd_1.jpg",1,1,false],"large":["https:\/\/vdxl.im\/8719883680965_a_en_hd_1.jpg",1,1,false],"1536x1536":["https:\/\/vdxl.im\/8719883680965_a_en_hd_1.jpg",1,1,false],"2048x2048":["https:\/\/vdxl.im\/8719883680965_a_en_hd_1.jpg",1,1,false],"martfury-blog-grid":["https:\/\/vdxl.im\/8719883680965_a_en_hd_1.jpg",1,1,false],"martfury-blog-list":["https:\/\/vdxl.im\/8719883680965_a_en_hd_1.jpg",1,1,false],"martfury-blog-masonry":["https:\/\/vdxl.im\/8719883680965_a_en_hd_1.jpg",1,1,false],"woocommerce_thumbnail":["https:\/\/vdxl.im\/8719883680965_a_en_hd_1.jpg",1,1,false],"woocommerce_single":["https:\/\/vdxl.im\/8719883680965_a_en_hd_1.jpg",1,1,false],"woocommerce_gallery_thumbnail":["https:\/\/vdxl.im\/8719883680965_a_en_hd_1.jpg",1,1,false]},"uagb_author_info":{"display_name":"","author_link":"https:\/\/www.furniz.sk\/cs\/author\/"},"uagb_comment_info":0,"uagb_excerpt":null,"_links":{"self":[{"href":"https:\/\/www.furniz.sk\/cs\/wp-json\/wp\/v2\/product\/1412072","targetHints":{"allow":["GET"]}}],"collection":[{"href":"https:\/\/www.furniz.sk\/cs\/wp-json\/wp\/v2\/product"}],"about":[{"href":"https:\/\/www.furniz.sk\/cs\/wp-json\/wp\/v2\/types\/product"}],"wp:featuredmedia":[{"embeddable":true,"href":"https:\/\/www.furniz.sk\/cs\/wp-json\/wp\/v2\/media\/1412073"}],"wp:attachment":[{"href":"https:\/\/www.furniz.sk\/cs\/wp-json\/wp\/v2\/media?parent=1412072"}],"wp:term":[{"taxonomy":"product_cat","embeddable":true,"href":"https:\/\/www.furniz.sk\/cs\/wp-json\/wp\/v2\/product_cat?post=1412072"},{"taxonomy":"product_tag","embeddable":true,"href":"https:\/\/www.furniz.sk\/cs\/wp-json\/wp\/v2\/product_tag?post=1412072"}],"curies":[{"name":"wp","href":"https:\/\/api.w.org\/{rel}","templated":true}]}}