{"id":1418898,"date":"2025-02-13T13:52:34","date_gmt":"2025-02-13T12:52:34","guid":{"rendered":"https:\/\/www.furniz.sk\/produkt\/furniz-vtacie-budky-kava-mok-50x40x52-cm-borovicovy-masiv\/"},"modified":"2025-02-15T22:36:27","modified_gmt":"2025-02-15T21:36:27","slug":"furniz-vtacie-budky-kava-mok-50x40x52-cm-borovicovy-masiv","status":"publish","type":"product","link":"https:\/\/www.furniz.sk\/cs\/produkt\/furniz-vtacie-budky-kava-mok-50x40x52-cm-borovicovy-masiv\/","title":{"rendered":"Furniz Vt\u00e1\u010die b\u00fadky K\u00e1va mok 50x40x52 cm borovicov\u00fd mas\u00edv"},"content":{"rendered":"","protected":false},"excerpt":{"rendered":"","protected":false},"featured_media":1418899,"template":"","meta":{"_seopress_robots_primary_cat":"","_seopress_titles_title":"","_seopress_titles_desc":"","_seopress_robots_index":"","_uag_custom_page_level_css":""},"product_cat":[290,291,816,876],"product_tag":[],"class_list":{"0":"post-1418898","1":"product","2":"type-product","3":"status-publish","4":"has-post-thumbnail","6":"product_cat-chovatelske-potreby","7":"product_cat-potreby-pre-domace-zvierata","8":"product_cat-potreby-pre-vtaky","9":"product_cat-vtacie-klietky-a-stojany","10":"pa_color-hneda","12":"first","13":"outofstock","14":"taxable","15":"shipping-taxable","16":"purchasable","17":"product-type-simple","18":"col-xs-6 col-sm-4","19":"col-md-3 col-lg-3","20":"un-4-cols"},"uagb_featured_image_src":{"full":["https:\/\/vdxl.im\/8720845798345_m_en_hd_1.jpg",0,0,false],"thumbnail":["https:\/\/vdxl.im\/8720845798345_m_en_hd_1.jpg",1,1,false],"medium":["https:\/\/vdxl.im\/8720845798345_m_en_hd_1.jpg",1,1,false],"medium_large":["https:\/\/vdxl.im\/8720845798345_m_en_hd_1.jpg",1,1,false],"large":["https:\/\/vdxl.im\/8720845798345_m_en_hd_1.jpg",1,1,false],"1536x1536":["https:\/\/vdxl.im\/8720845798345_m_en_hd_1.jpg",1,1,false],"2048x2048":["https:\/\/vdxl.im\/8720845798345_m_en_hd_1.jpg",1,1,false],"martfury-blog-grid":["https:\/\/vdxl.im\/8720845798345_m_en_hd_1.jpg",1,1,false],"martfury-blog-list":["https:\/\/vdxl.im\/8720845798345_m_en_hd_1.jpg",1,1,false],"martfury-blog-masonry":["https:\/\/vdxl.im\/8720845798345_m_en_hd_1.jpg",1,1,false],"woocommerce_thumbnail":["https:\/\/vdxl.im\/8720845798345_m_en_hd_1.jpg",1,1,false],"woocommerce_single":["https:\/\/vdxl.im\/8720845798345_m_en_hd_1.jpg",1,1,false],"woocommerce_gallery_thumbnail":["https:\/\/vdxl.im\/8720845798345_m_en_hd_1.jpg",1,1,false]},"uagb_author_info":{"display_name":"","author_link":"https:\/\/www.furniz.sk\/cs\/author\/"},"uagb_comment_info":0,"uagb_excerpt":null,"_links":{"self":[{"href":"https:\/\/www.furniz.sk\/cs\/wp-json\/wp\/v2\/product\/1418898","targetHints":{"allow":["GET"]}}],"collection":[{"href":"https:\/\/www.furniz.sk\/cs\/wp-json\/wp\/v2\/product"}],"about":[{"href":"https:\/\/www.furniz.sk\/cs\/wp-json\/wp\/v2\/types\/product"}],"wp:featuredmedia":[{"embeddable":true,"href":"https:\/\/www.furniz.sk\/cs\/wp-json\/wp\/v2\/media\/1418899"}],"wp:attachment":[{"href":"https:\/\/www.furniz.sk\/cs\/wp-json\/wp\/v2\/media?parent=1418898"}],"wp:term":[{"taxonomy":"product_cat","embeddable":true,"href":"https:\/\/www.furniz.sk\/cs\/wp-json\/wp\/v2\/product_cat?post=1418898"},{"taxonomy":"product_tag","embeddable":true,"href":"https:\/\/www.furniz.sk\/cs\/wp-json\/wp\/v2\/product_tag?post=1418898"}],"curies":[{"name":"wp","href":"https:\/\/api.w.org\/{rel}","templated":true}]}}