{"id":1419432,"date":"2025-02-13T13:53:14","date_gmt":"2025-02-13T12:53:14","guid":{"rendered":"https:\/\/www.furniz.sk\/produkt\/furniz-zatahovacia-markiza-so-senzorom-vetra-a-led-300x250-cm-zlto-biela\/"},"modified":"2025-02-15T22:34:11","modified_gmt":"2025-02-15T21:34:11","slug":"furniz-zatahovacia-markiza-so-senzorom-vetra-a-led-300x250-cm-zlto-biela","status":"publish","type":"product","link":"https:\/\/www.furniz.sk\/cs\/produkt\/furniz-zatahovacia-markiza-so-senzorom-vetra-a-led-300x250-cm-zlto-biela\/","title":{"rendered":"Furniz Za\u0165ahovacia mark\u00edza so senzorom vetra a LED 300&#215;250 cm \u017elto-biela"},"content":{"rendered":"","protected":false},"excerpt":{"rendered":"","protected":false},"featured_media":1419433,"template":"","meta":{"_seopress_robots_primary_cat":"","_seopress_titles_title":"","_seopress_titles_desc":"","_seopress_robots_index":"","_uag_custom_page_level_css":""},"product_cat":[234,222,220,221],"product_tag":[],"class_list":{"0":"post-1419432","1":"product","2":"type-product","3":"status-publish","4":"has-post-thumbnail","6":"product_cat-markizy-a-striesky-nad-dvere-a-okna","7":"product_cat-byvanie-v-zahrade","8":"product_cat-dom-a-zahrada","9":"product_cat-travnik-a-zahrada","10":"pa_color-zlta","12":"first","13":"outofstock","14":"taxable","15":"shipping-taxable","16":"purchasable","17":"product-type-simple","18":"col-xs-6 col-sm-4","19":"col-md-3 col-lg-3","20":"un-4-cols"},"uagb_featured_image_src":{"full":["https:\/\/vdxl.im\/8720286039809_a_en_hd_1.jpg",0,0,false],"thumbnail":["https:\/\/vdxl.im\/8720286039809_a_en_hd_1.jpg",1,1,false],"medium":["https:\/\/vdxl.im\/8720286039809_a_en_hd_1.jpg",1,1,false],"medium_large":["https:\/\/vdxl.im\/8720286039809_a_en_hd_1.jpg",1,1,false],"large":["https:\/\/vdxl.im\/8720286039809_a_en_hd_1.jpg",1,1,false],"1536x1536":["https:\/\/vdxl.im\/8720286039809_a_en_hd_1.jpg",1,1,false],"2048x2048":["https:\/\/vdxl.im\/8720286039809_a_en_hd_1.jpg",1,1,false],"martfury-blog-grid":["https:\/\/vdxl.im\/8720286039809_a_en_hd_1.jpg",1,1,false],"martfury-blog-list":["https:\/\/vdxl.im\/8720286039809_a_en_hd_1.jpg",1,1,false],"martfury-blog-masonry":["https:\/\/vdxl.im\/8720286039809_a_en_hd_1.jpg",1,1,false],"woocommerce_thumbnail":["https:\/\/vdxl.im\/8720286039809_a_en_hd_1.jpg",1,1,false],"woocommerce_single":["https:\/\/vdxl.im\/8720286039809_a_en_hd_1.jpg",1,1,false],"woocommerce_gallery_thumbnail":["https:\/\/vdxl.im\/8720286039809_a_en_hd_1.jpg",1,1,false]},"uagb_author_info":{"display_name":"","author_link":"https:\/\/www.furniz.sk\/cs\/author\/"},"uagb_comment_info":0,"uagb_excerpt":null,"_links":{"self":[{"href":"https:\/\/www.furniz.sk\/cs\/wp-json\/wp\/v2\/product\/1419432","targetHints":{"allow":["GET"]}}],"collection":[{"href":"https:\/\/www.furniz.sk\/cs\/wp-json\/wp\/v2\/product"}],"about":[{"href":"https:\/\/www.furniz.sk\/cs\/wp-json\/wp\/v2\/types\/product"}],"wp:featuredmedia":[{"embeddable":true,"href":"https:\/\/www.furniz.sk\/cs\/wp-json\/wp\/v2\/media\/1419433"}],"wp:attachment":[{"href":"https:\/\/www.furniz.sk\/cs\/wp-json\/wp\/v2\/media?parent=1419432"}],"wp:term":[{"taxonomy":"product_cat","embeddable":true,"href":"https:\/\/www.furniz.sk\/cs\/wp-json\/wp\/v2\/product_cat?post=1419432"},{"taxonomy":"product_tag","embeddable":true,"href":"https:\/\/www.furniz.sk\/cs\/wp-json\/wp\/v2\/product_tag?post=1419432"}],"curies":[{"name":"wp","href":"https:\/\/api.w.org\/{rel}","templated":true}]}}