{"id":1420096,"date":"2025-02-13T13:54:02","date_gmt":"2025-02-13T12:54:02","guid":{"rendered":"https:\/\/www.furniz.sk\/produkt\/esschert-design-ohnisko-gulate-pruhovane-cierne\/"},"modified":"2025-02-15T22:30:58","modified_gmt":"2025-02-15T21:30:58","slug":"esschert-design-ohnisko-gulate-pruhovane-cierne","status":"publish","type":"product","link":"https:\/\/www.furniz.sk\/cs\/produkt\/esschert-design-ohnisko-gulate-pruhovane-cierne\/","title":{"rendered":"Esschert Design Ohnisko gu\u013eat\u00e9 pruhovan\u00e9 \u010dierne"},"content":{"rendered":"","protected":false},"excerpt":{"rendered":"","protected":false},"featured_media":1420097,"template":"","meta":{"_seopress_robots_primary_cat":"","_seopress_titles_title":"","_seopress_titles_desc":"","_seopress_robots_index":"","_uag_custom_page_level_css":""},"product_cat":[271,220],"product_tag":[],"class_list":{"0":"post-1420096","1":"product","2":"type-product","3":"status-publish","4":"has-post-thumbnail","6":"product_cat-krby","7":"product_cat-dom-a-zahrada","8":"pa_color-cierna","10":"first","11":"instock","12":"taxable","13":"shipping-taxable","14":"purchasable","15":"product-type-simple","16":"col-xs-6 col-sm-4","17":"col-md-3 col-lg-3","18":"un-4-cols"},"uagb_featured_image_src":{"full":["https:\/\/vdxl.im\/8714982211829_m_en_hd_1.jpg",0,0,false],"thumbnail":["https:\/\/vdxl.im\/8714982211829_m_en_hd_1.jpg",1,1,false],"medium":["https:\/\/vdxl.im\/8714982211829_m_en_hd_1.jpg",1,1,false],"medium_large":["https:\/\/vdxl.im\/8714982211829_m_en_hd_1.jpg",1,1,false],"large":["https:\/\/vdxl.im\/8714982211829_m_en_hd_1.jpg",1,1,false],"1536x1536":["https:\/\/vdxl.im\/8714982211829_m_en_hd_1.jpg",1,1,false],"2048x2048":["https:\/\/vdxl.im\/8714982211829_m_en_hd_1.jpg",1,1,false],"martfury-blog-grid":["https:\/\/vdxl.im\/8714982211829_m_en_hd_1.jpg",1,1,false],"martfury-blog-list":["https:\/\/vdxl.im\/8714982211829_m_en_hd_1.jpg",1,1,false],"martfury-blog-masonry":["https:\/\/vdxl.im\/8714982211829_m_en_hd_1.jpg",1,1,false],"woocommerce_thumbnail":["https:\/\/vdxl.im\/8714982211829_m_en_hd_1.jpg",1,1,false],"woocommerce_single":["https:\/\/vdxl.im\/8714982211829_m_en_hd_1.jpg",1,1,false],"woocommerce_gallery_thumbnail":["https:\/\/vdxl.im\/8714982211829_m_en_hd_1.jpg",1,1,false]},"uagb_author_info":{"display_name":"","author_link":"https:\/\/www.furniz.sk\/cs\/author\/"},"uagb_comment_info":0,"uagb_excerpt":null,"_links":{"self":[{"href":"https:\/\/www.furniz.sk\/cs\/wp-json\/wp\/v2\/product\/1420096","targetHints":{"allow":["GET"]}}],"collection":[{"href":"https:\/\/www.furniz.sk\/cs\/wp-json\/wp\/v2\/product"}],"about":[{"href":"https:\/\/www.furniz.sk\/cs\/wp-json\/wp\/v2\/types\/product"}],"wp:featuredmedia":[{"embeddable":true,"href":"https:\/\/www.furniz.sk\/cs\/wp-json\/wp\/v2\/media\/1420097"}],"wp:attachment":[{"href":"https:\/\/www.furniz.sk\/cs\/wp-json\/wp\/v2\/media?parent=1420096"}],"wp:term":[{"taxonomy":"product_cat","embeddable":true,"href":"https:\/\/www.furniz.sk\/cs\/wp-json\/wp\/v2\/product_cat?post=1420096"},{"taxonomy":"product_tag","embeddable":true,"href":"https:\/\/www.furniz.sk\/cs\/wp-json\/wp\/v2\/product_tag?post=1420096"}],"curies":[{"name":"wp","href":"https:\/\/api.w.org\/{rel}","templated":true}]}}