{"id":1424338,"date":"2025-02-13T14:02:52","date_gmt":"2025-02-13T13:02:52","guid":{"rendered":"https:\/\/www.furniz.sk\/produkt\/furniz-ohrada-na-2-odpadkove-kose-138x775x1125-cm-nehrdzavejuca-ocel-3\/"},"modified":"2025-02-15T22:12:33","modified_gmt":"2025-02-15T21:12:33","slug":"furniz-ohrada-na-2-odpadkove-kose-138x775x1125-cm-nehrdzavejuca-ocel-3","status":"publish","type":"product","link":"https:\/\/www.furniz.sk\/cs\/produkt\/furniz-ohrada-na-2-odpadkove-kose-138x775x1125-cm-nehrdzavejuca-ocel-3\/","title":{"rendered":"Furniz Ohrada na 2 odpadkov\u00e9 ko\u0161e 138&#215;77,5&#215;112,5 cm nehrdzavej\u00faca oce\u013e"},"content":{"rendered":"","protected":false},"excerpt":{"rendered":"","protected":false},"featured_media":1424339,"template":"","meta":{"_seopress_robots_primary_cat":"","_seopress_titles_title":"","_seopress_titles_desc":"","_seopress_robots_index":"","_uag_custom_page_level_css":""},"product_cat":[313,220,730,731],"product_tag":[],"class_list":{"0":"post-1424338","1":"product","2":"type-product","3":"status-publish","4":"has-post-thumbnail","6":"product_cat-domace-potreby","7":"product_cat-dom-a-zahrada","8":"product_cat-doplnky-k-odpadkovym-kosom","9":"product_cat-ohrady-na-smetne-kose","10":"pa_color-antracitova","12":"first","13":"instock","14":"taxable","15":"shipping-taxable","16":"purchasable","17":"product-type-simple","18":"col-xs-6 col-sm-4","19":"col-md-3 col-lg-3","20":"un-4-cols"},"uagb_featured_image_src":{"full":["https:\/\/vdxl.im\/8720286334904_m_en_hd_1.jpg",0,0,false],"thumbnail":["https:\/\/vdxl.im\/8720286334904_m_en_hd_1.jpg",1,1,false],"medium":["https:\/\/vdxl.im\/8720286334904_m_en_hd_1.jpg",1,1,false],"medium_large":["https:\/\/vdxl.im\/8720286334904_m_en_hd_1.jpg",1,1,false],"large":["https:\/\/vdxl.im\/8720286334904_m_en_hd_1.jpg",1,1,false],"1536x1536":["https:\/\/vdxl.im\/8720286334904_m_en_hd_1.jpg",1,1,false],"2048x2048":["https:\/\/vdxl.im\/8720286334904_m_en_hd_1.jpg",1,1,false],"martfury-blog-grid":["https:\/\/vdxl.im\/8720286334904_m_en_hd_1.jpg",1,1,false],"martfury-blog-list":["https:\/\/vdxl.im\/8720286334904_m_en_hd_1.jpg",1,1,false],"martfury-blog-masonry":["https:\/\/vdxl.im\/8720286334904_m_en_hd_1.jpg",1,1,false],"woocommerce_thumbnail":["https:\/\/vdxl.im\/8720286334904_m_en_hd_1.jpg",1,1,false],"woocommerce_single":["https:\/\/vdxl.im\/8720286334904_m_en_hd_1.jpg",1,1,false],"woocommerce_gallery_thumbnail":["https:\/\/vdxl.im\/8720286334904_m_en_hd_1.jpg",1,1,false]},"uagb_author_info":{"display_name":"","author_link":"https:\/\/www.furniz.sk\/cs\/author\/"},"uagb_comment_info":0,"uagb_excerpt":null,"_links":{"self":[{"href":"https:\/\/www.furniz.sk\/cs\/wp-json\/wp\/v2\/product\/1424338","targetHints":{"allow":["GET"]}}],"collection":[{"href":"https:\/\/www.furniz.sk\/cs\/wp-json\/wp\/v2\/product"}],"about":[{"href":"https:\/\/www.furniz.sk\/cs\/wp-json\/wp\/v2\/types\/product"}],"wp:featuredmedia":[{"embeddable":true,"href":"https:\/\/www.furniz.sk\/cs\/wp-json\/wp\/v2\/media\/1424339"}],"wp:attachment":[{"href":"https:\/\/www.furniz.sk\/cs\/wp-json\/wp\/v2\/media?parent=1424338"}],"wp:term":[{"taxonomy":"product_cat","embeddable":true,"href":"https:\/\/www.furniz.sk\/cs\/wp-json\/wp\/v2\/product_cat?post=1424338"},{"taxonomy":"product_tag","embeddable":true,"href":"https:\/\/www.furniz.sk\/cs\/wp-json\/wp\/v2\/product_tag?post=1424338"}],"curies":[{"name":"wp","href":"https:\/\/api.w.org\/{rel}","templated":true}]}}