{"id":1428162,"date":"2025-02-13T14:07:59","date_gmt":"2025-02-13T13:07:59","guid":{"rendered":"https:\/\/www.furniz.sk\/produkt\/furniz-posilnovacia-lavica-so-stojanom-na-zavazia-a-sadou-ciniek-605-kg\/"},"modified":"2025-02-15T21:57:01","modified_gmt":"2025-02-15T20:57:01","slug":"furniz-posilnovacia-lavica-so-stojanom-na-zavazia-a-sadou-ciniek-605-kg","status":"publish","type":"product","link":"https:\/\/www.furniz.sk\/cs\/produkt\/furniz-posilnovacia-lavica-so-stojanom-na-zavazia-a-sadou-ciniek-605-kg\/","title":{"rendered":"Furniz Posil\u0148ovacia lavica so stojanom na z\u00e1va\u017eia a sadou \u010diniek 60,5 kg"},"content":{"rendered":"","protected":false},"excerpt":{"rendered":"","protected":false},"featured_media":1428163,"template":"","meta":{"_seopress_robots_primary_cat":"","_seopress_titles_title":"","_seopress_titles_desc":"","_seopress_robots_index":"","_uag_custom_page_level_css":""},"product_cat":[322,310,490,470],"product_tag":[],"class_list":{"0":"post-1428162","1":"product","2":"type-product","3":"status-publish","4":"has-post-thumbnail","6":"product_cat-cvicenie-a-fitness","7":"product_cat-sportove-potreby","8":"product_cat-posilnovacie-stroje-lavice-a-stojany-na-cinky","9":"product_cat-posilnovanie-s-cinkami","11":"first","12":"instock","13":"taxable","14":"shipping-taxable","15":"purchasable","16":"product-type-simple","17":"col-xs-6 col-sm-4","18":"col-md-3 col-lg-3","19":"un-4-cols"},"uagb_featured_image_src":{"full":["https:\/\/vdxl.im\/8718475702573_a_en_hd_1.jpg",0,0,false],"thumbnail":["https:\/\/vdxl.im\/8718475702573_a_en_hd_1.jpg",1,1,false],"medium":["https:\/\/vdxl.im\/8718475702573_a_en_hd_1.jpg",1,1,false],"medium_large":["https:\/\/vdxl.im\/8718475702573_a_en_hd_1.jpg",1,1,false],"large":["https:\/\/vdxl.im\/8718475702573_a_en_hd_1.jpg",1,1,false],"1536x1536":["https:\/\/vdxl.im\/8718475702573_a_en_hd_1.jpg",1,1,false],"2048x2048":["https:\/\/vdxl.im\/8718475702573_a_en_hd_1.jpg",1,1,false],"martfury-blog-grid":["https:\/\/vdxl.im\/8718475702573_a_en_hd_1.jpg",1,1,false],"martfury-blog-list":["https:\/\/vdxl.im\/8718475702573_a_en_hd_1.jpg",1,1,false],"martfury-blog-masonry":["https:\/\/vdxl.im\/8718475702573_a_en_hd_1.jpg",1,1,false],"woocommerce_thumbnail":["https:\/\/vdxl.im\/8718475702573_a_en_hd_1.jpg",1,1,false],"woocommerce_single":["https:\/\/vdxl.im\/8718475702573_a_en_hd_1.jpg",1,1,false],"woocommerce_gallery_thumbnail":["https:\/\/vdxl.im\/8718475702573_a_en_hd_1.jpg",1,1,false]},"uagb_author_info":{"display_name":"","author_link":"https:\/\/www.furniz.sk\/cs\/author\/"},"uagb_comment_info":0,"uagb_excerpt":null,"_links":{"self":[{"href":"https:\/\/www.furniz.sk\/cs\/wp-json\/wp\/v2\/product\/1428162","targetHints":{"allow":["GET"]}}],"collection":[{"href":"https:\/\/www.furniz.sk\/cs\/wp-json\/wp\/v2\/product"}],"about":[{"href":"https:\/\/www.furniz.sk\/cs\/wp-json\/wp\/v2\/types\/product"}],"wp:featuredmedia":[{"embeddable":true,"href":"https:\/\/www.furniz.sk\/cs\/wp-json\/wp\/v2\/media\/1428163"}],"wp:attachment":[{"href":"https:\/\/www.furniz.sk\/cs\/wp-json\/wp\/v2\/media?parent=1428162"}],"wp:term":[{"taxonomy":"product_cat","embeddable":true,"href":"https:\/\/www.furniz.sk\/cs\/wp-json\/wp\/v2\/product_cat?post=1428162"},{"taxonomy":"product_tag","embeddable":true,"href":"https:\/\/www.furniz.sk\/cs\/wp-json\/wp\/v2\/product_tag?post=1428162"}],"curies":[{"name":"wp","href":"https:\/\/api.w.org\/{rel}","templated":true}]}}