{"id":1457596,"date":"2025-02-13T19:50:03","date_gmt":"2025-02-13T18:50:03","guid":{"rendered":"https:\/\/www.furniz.sk\/produkt\/furniz-ram-detskej-poschodovej-postele-so-smyklavkou-rebrikom-borovica\/"},"modified":"2025-02-15T20:03:00","modified_gmt":"2025-02-15T19:03:00","slug":"furniz-ram-detskej-poschodovej-postele-so-smyklavkou-rebrikom-borovica","status":"publish","type":"product","link":"https:\/\/www.furniz.sk\/cs\/produkt\/furniz-ram-detskej-poschodovej-postele-so-smyklavkou-rebrikom-borovica\/","title":{"rendered":"Furniz R\u00e1m detskej poschodovej postele so \u0161myk\u013eavkou rebr\u00edkom borovica"},"content":{"rendered":"","protected":false},"excerpt":{"rendered":"","protected":false},"featured_media":1457597,"template":"","meta":{"_seopress_robots_primary_cat":"","_seopress_titles_title":"","_seopress_titles_desc":"","_seopress_robots_index":"","_uag_custom_page_level_css":""},"product_cat":[564,197,563],"product_tag":[],"class_list":{"0":"post-1457596","1":"product","2":"type-product","3":"status-publish","4":"has-post-thumbnail","6":"product_cat-detske-postielky","7":"product_cat-nabytok","8":"product_cat-nabytok-pre-dojcata-a-batolata","9":"pa_color-hneda","11":"first","12":"instock","13":"taxable","14":"shipping-taxable","15":"purchasable","16":"product-type-simple","17":"col-xs-6 col-sm-4","18":"col-md-3 col-lg-3","19":"un-4-cols"},"uagb_featured_image_src":{"full":["https:\/\/vdxl.im\/8719883564487_a_en_hd_1.jpg",0,0,false],"thumbnail":["https:\/\/vdxl.im\/8719883564487_a_en_hd_1.jpg",1,1,false],"medium":["https:\/\/vdxl.im\/8719883564487_a_en_hd_1.jpg",1,1,false],"medium_large":["https:\/\/vdxl.im\/8719883564487_a_en_hd_1.jpg",1,1,false],"large":["https:\/\/vdxl.im\/8719883564487_a_en_hd_1.jpg",1,1,false],"1536x1536":["https:\/\/vdxl.im\/8719883564487_a_en_hd_1.jpg",1,1,false],"2048x2048":["https:\/\/vdxl.im\/8719883564487_a_en_hd_1.jpg",1,1,false],"martfury-blog-grid":["https:\/\/vdxl.im\/8719883564487_a_en_hd_1.jpg",1,1,false],"martfury-blog-list":["https:\/\/vdxl.im\/8719883564487_a_en_hd_1.jpg",1,1,false],"martfury-blog-masonry":["https:\/\/vdxl.im\/8719883564487_a_en_hd_1.jpg",1,1,false],"woocommerce_thumbnail":["https:\/\/vdxl.im\/8719883564487_a_en_hd_1.jpg",1,1,false],"woocommerce_single":["https:\/\/vdxl.im\/8719883564487_a_en_hd_1.jpg",1,1,false],"woocommerce_gallery_thumbnail":["https:\/\/vdxl.im\/8719883564487_a_en_hd_1.jpg",1,1,false]},"uagb_author_info":{"display_name":"","author_link":"https:\/\/www.furniz.sk\/cs\/author\/"},"uagb_comment_info":0,"uagb_excerpt":null,"_links":{"self":[{"href":"https:\/\/www.furniz.sk\/cs\/wp-json\/wp\/v2\/product\/1457596","targetHints":{"allow":["GET"]}}],"collection":[{"href":"https:\/\/www.furniz.sk\/cs\/wp-json\/wp\/v2\/product"}],"about":[{"href":"https:\/\/www.furniz.sk\/cs\/wp-json\/wp\/v2\/types\/product"}],"wp:featuredmedia":[{"embeddable":true,"href":"https:\/\/www.furniz.sk\/cs\/wp-json\/wp\/v2\/media\/1457597"}],"wp:attachment":[{"href":"https:\/\/www.furniz.sk\/cs\/wp-json\/wp\/v2\/media?parent=1457596"}],"wp:term":[{"taxonomy":"product_cat","embeddable":true,"href":"https:\/\/www.furniz.sk\/cs\/wp-json\/wp\/v2\/product_cat?post=1457596"},{"taxonomy":"product_tag","embeddable":true,"href":"https:\/\/www.furniz.sk\/cs\/wp-json\/wp\/v2\/product_tag?post=1457596"}],"curies":[{"name":"wp","href":"https:\/\/api.w.org\/{rel}","templated":true}]}}