{"id":1457656,"date":"2025-02-13T19:50:10","date_gmt":"2025-02-13T18:50:10","guid":{"rendered":"https:\/\/www.furniz.sk\/produkt\/furniz-kralikaren-mokka-310x70x87-cm-borovicovy-a-jedlovy-masiv\/"},"modified":"2025-02-15T20:02:51","modified_gmt":"2025-02-15T19:02:51","slug":"furniz-kralikaren-mokka-310x70x87-cm-borovicovy-a-jedlovy-masiv","status":"publish","type":"product","link":"https:\/\/www.furniz.sk\/cs\/produkt\/furniz-kralikaren-mokka-310x70x87-cm-borovicovy-a-jedlovy-masiv\/","title":{"rendered":"Furniz Kr\u00e1lik\u00e1re\u0148, mokka 310x70x87 cm, borovicov\u00fd a jed\u013eov\u00fd mas\u00edv"},"content":{"rendered":"","protected":false},"excerpt":{"rendered":"","protected":false},"featured_media":1457657,"template":"","meta":{"_seopress_robots_primary_cat":"","_seopress_titles_title":"","_seopress_titles_desc":"","_seopress_robots_index":"","_uag_custom_page_level_css":""},"product_cat":[290,291,493,494],"product_tag":[],"class_list":{"0":"post-1457656","1":"product","2":"type-product","3":"status-publish","4":"has-post-thumbnail","6":"product_cat-chovatelske-potreby","7":"product_cat-potreby-pre-domace-zvierata","8":"product_cat-doplnky-pre-male-zvierata","9":"product_cat-obydlia-a-klietky-pre-male-zvierata","10":"pa_color-hneda","12":"first","13":"instock","14":"taxable","15":"shipping-taxable","16":"purchasable","17":"product-type-simple","18":"col-xs-6 col-sm-4","19":"col-md-3 col-lg-3","20":"un-4-cols"},"uagb_featured_image_src":{"full":["https:\/\/vdxl.im\/8719883737829_a_en_hd_1.jpg",0,0,false],"thumbnail":["https:\/\/vdxl.im\/8719883737829_a_en_hd_1.jpg",1,1,false],"medium":["https:\/\/vdxl.im\/8719883737829_a_en_hd_1.jpg",1,1,false],"medium_large":["https:\/\/vdxl.im\/8719883737829_a_en_hd_1.jpg",1,1,false],"large":["https:\/\/vdxl.im\/8719883737829_a_en_hd_1.jpg",1,1,false],"1536x1536":["https:\/\/vdxl.im\/8719883737829_a_en_hd_1.jpg",1,1,false],"2048x2048":["https:\/\/vdxl.im\/8719883737829_a_en_hd_1.jpg",1,1,false],"martfury-blog-grid":["https:\/\/vdxl.im\/8719883737829_a_en_hd_1.jpg",1,1,false],"martfury-blog-list":["https:\/\/vdxl.im\/8719883737829_a_en_hd_1.jpg",1,1,false],"martfury-blog-masonry":["https:\/\/vdxl.im\/8719883737829_a_en_hd_1.jpg",1,1,false],"woocommerce_thumbnail":["https:\/\/vdxl.im\/8719883737829_a_en_hd_1.jpg",1,1,false],"woocommerce_single":["https:\/\/vdxl.im\/8719883737829_a_en_hd_1.jpg",1,1,false],"woocommerce_gallery_thumbnail":["https:\/\/vdxl.im\/8719883737829_a_en_hd_1.jpg",1,1,false]},"uagb_author_info":{"display_name":"","author_link":"https:\/\/www.furniz.sk\/cs\/author\/"},"uagb_comment_info":0,"uagb_excerpt":null,"_links":{"self":[{"href":"https:\/\/www.furniz.sk\/cs\/wp-json\/wp\/v2\/product\/1457656","targetHints":{"allow":["GET"]}}],"collection":[{"href":"https:\/\/www.furniz.sk\/cs\/wp-json\/wp\/v2\/product"}],"about":[{"href":"https:\/\/www.furniz.sk\/cs\/wp-json\/wp\/v2\/types\/product"}],"wp:featuredmedia":[{"embeddable":true,"href":"https:\/\/www.furniz.sk\/cs\/wp-json\/wp\/v2\/media\/1457657"}],"wp:attachment":[{"href":"https:\/\/www.furniz.sk\/cs\/wp-json\/wp\/v2\/media?parent=1457656"}],"wp:term":[{"taxonomy":"product_cat","embeddable":true,"href":"https:\/\/www.furniz.sk\/cs\/wp-json\/wp\/v2\/product_cat?post=1457656"},{"taxonomy":"product_tag","embeddable":true,"href":"https:\/\/www.furniz.sk\/cs\/wp-json\/wp\/v2\/product_tag?post=1457656"}],"curies":[{"name":"wp","href":"https:\/\/api.w.org\/{rel}","templated":true}]}}