{"id":1458544,"date":"2025-02-13T19:51:47","date_gmt":"2025-02-13T18:51:47","guid":{"rendered":"https:\/\/www.furniz.sk\/produkt\/furniz-sprchova-zastena-strieborna-140x195-cm-priehladne-esg-sklo\/"},"modified":"2025-02-15T19:59:56","modified_gmt":"2025-02-15T18:59:56","slug":"furniz-sprchova-zastena-strieborna-140x195-cm-priehladne-esg-sklo","status":"publish","type":"product","link":"https:\/\/www.furniz.sk\/cs\/produkt\/furniz-sprchova-zastena-strieborna-140x195-cm-priehladne-esg-sklo\/","title":{"rendered":"Furniz Sprchov\u00e1 z\u00e1stena strieborn\u00e1 140&#215;195 cm prieh\u013eadn\u00e9 ESG sklo"},"content":{"rendered":"","protected":false},"excerpt":{"rendered":"","protected":false},"featured_media":1458545,"template":"","meta":{"_seopress_robots_primary_cat":"","_seopress_titles_title":"","_seopress_titles_desc":"","_seopress_robots_index":"","_uag_custom_page_level_css":""},"product_cat":[240,239,241,416,206],"product_tag":[],"class_list":{"0":"post-1458544","1":"product","2":"type-product","3":"status-publish","4":"has-post-thumbnail","6":"product_cat-instalaterske-vybavenie-a-nahradne-diely","7":"product_cat-instalaterstvo","8":"product_cat-sprchove-prislusenstvo","9":"product_cat-sprchove-zasteny","10":"product_cat-naradie","11":"pa_color-srieborna","13":"first","14":"instock","15":"taxable","16":"shipping-taxable","17":"purchasable","18":"product-type-simple","19":"col-xs-6 col-sm-4","20":"col-md-3 col-lg-3","21":"un-4-cols"},"uagb_featured_image_src":{"full":["https:\/\/vdxl.im\/8720287052166_m_en_hd_1.jpg",0,0,false],"thumbnail":["https:\/\/vdxl.im\/8720287052166_m_en_hd_1.jpg",1,1,false],"medium":["https:\/\/vdxl.im\/8720287052166_m_en_hd_1.jpg",1,1,false],"medium_large":["https:\/\/vdxl.im\/8720287052166_m_en_hd_1.jpg",1,1,false],"large":["https:\/\/vdxl.im\/8720287052166_m_en_hd_1.jpg",1,1,false],"1536x1536":["https:\/\/vdxl.im\/8720287052166_m_en_hd_1.jpg",1,1,false],"2048x2048":["https:\/\/vdxl.im\/8720287052166_m_en_hd_1.jpg",1,1,false],"martfury-blog-grid":["https:\/\/vdxl.im\/8720287052166_m_en_hd_1.jpg",1,1,false],"martfury-blog-list":["https:\/\/vdxl.im\/8720287052166_m_en_hd_1.jpg",1,1,false],"martfury-blog-masonry":["https:\/\/vdxl.im\/8720287052166_m_en_hd_1.jpg",1,1,false],"woocommerce_thumbnail":["https:\/\/vdxl.im\/8720287052166_m_en_hd_1.jpg",1,1,false],"woocommerce_single":["https:\/\/vdxl.im\/8720287052166_m_en_hd_1.jpg",1,1,false],"woocommerce_gallery_thumbnail":["https:\/\/vdxl.im\/8720287052166_m_en_hd_1.jpg",1,1,false]},"uagb_author_info":{"display_name":"","author_link":"https:\/\/www.furniz.sk\/cs\/author\/"},"uagb_comment_info":0,"uagb_excerpt":null,"_links":{"self":[{"href":"https:\/\/www.furniz.sk\/cs\/wp-json\/wp\/v2\/product\/1458544","targetHints":{"allow":["GET"]}}],"collection":[{"href":"https:\/\/www.furniz.sk\/cs\/wp-json\/wp\/v2\/product"}],"about":[{"href":"https:\/\/www.furniz.sk\/cs\/wp-json\/wp\/v2\/types\/product"}],"wp:featuredmedia":[{"embeddable":true,"href":"https:\/\/www.furniz.sk\/cs\/wp-json\/wp\/v2\/media\/1458545"}],"wp:attachment":[{"href":"https:\/\/www.furniz.sk\/cs\/wp-json\/wp\/v2\/media?parent=1458544"}],"wp:term":[{"taxonomy":"product_cat","embeddable":true,"href":"https:\/\/www.furniz.sk\/cs\/wp-json\/wp\/v2\/product_cat?post=1458544"},{"taxonomy":"product_tag","embeddable":true,"href":"https:\/\/www.furniz.sk\/cs\/wp-json\/wp\/v2\/product_tag?post=1458544"}],"curies":[{"name":"wp","href":"https:\/\/api.w.org\/{rel}","templated":true}]}}