{"id":1486122,"date":"2025-02-13T21:02:17","date_gmt":"2025-02-13T20:02:17","guid":{"rendered":"https:\/\/www.furniz.sk\/produkt\/furniz-6-dielna-zahradna-sedacia-suprava-s-vankusmi-akaciovy-masiv-55\/"},"modified":"2025-02-15T18:38:46","modified_gmt":"2025-02-15T17:38:46","slug":"furniz-6-dielna-zahradna-sedacia-suprava-s-vankusmi-akaciovy-masiv-55","status":"publish","type":"product","link":"https:\/\/www.furniz.sk\/cs\/produkt\/furniz-6-dielna-zahradna-sedacia-suprava-s-vankusmi-akaciovy-masiv-55\/","title":{"rendered":"Furniz 6-dielna z\u00e1hradn\u00e1 sedacia s\u00faprava s vank\u00fa\u0161mi ak\u00e1ciov\u00fd mas\u00edv"},"content":{"rendered":"","protected":false},"excerpt":{"rendered":"","protected":false},"featured_media":1486123,"template":"","meta":{"_seopress_robots_primary_cat":"","_seopress_titles_title":"","_seopress_titles_desc":"","_seopress_robots_index":"","_uag_custom_page_level_css":""},"product_cat":[353,197,198],"product_tag":[],"class_list":{"0":"post-1486122","1":"product","2":"type-product","3":"status-publish","4":"has-post-thumbnail","6":"product_cat-supravy-zahradneho-nabytku","7":"product_cat-nabytok","8":"product_cat-zahradny-nabytok","9":"pa_color-hneda","11":"first","12":"instock","13":"taxable","14":"shipping-taxable","15":"purchasable","16":"product-type-simple","17":"col-xs-6 col-sm-4","18":"col-md-3 col-lg-3","19":"un-4-cols"},"uagb_featured_image_src":{"full":["https:\/\/vdxl.im\/8721102835759_m_en_hd_1.jpg",0,0,false],"thumbnail":["https:\/\/vdxl.im\/8721102835759_m_en_hd_1.jpg",1,1,false],"medium":["https:\/\/vdxl.im\/8721102835759_m_en_hd_1.jpg",1,1,false],"medium_large":["https:\/\/vdxl.im\/8721102835759_m_en_hd_1.jpg",1,1,false],"large":["https:\/\/vdxl.im\/8721102835759_m_en_hd_1.jpg",1,1,false],"1536x1536":["https:\/\/vdxl.im\/8721102835759_m_en_hd_1.jpg",1,1,false],"2048x2048":["https:\/\/vdxl.im\/8721102835759_m_en_hd_1.jpg",1,1,false],"martfury-blog-grid":["https:\/\/vdxl.im\/8721102835759_m_en_hd_1.jpg",1,1,false],"martfury-blog-list":["https:\/\/vdxl.im\/8721102835759_m_en_hd_1.jpg",1,1,false],"martfury-blog-masonry":["https:\/\/vdxl.im\/8721102835759_m_en_hd_1.jpg",1,1,false],"woocommerce_thumbnail":["https:\/\/vdxl.im\/8721102835759_m_en_hd_1.jpg",1,1,false],"woocommerce_single":["https:\/\/vdxl.im\/8721102835759_m_en_hd_1.jpg",1,1,false],"woocommerce_gallery_thumbnail":["https:\/\/vdxl.im\/8721102835759_m_en_hd_1.jpg",1,1,false]},"uagb_author_info":{"display_name":"","author_link":"https:\/\/www.furniz.sk\/cs\/author\/"},"uagb_comment_info":0,"uagb_excerpt":null,"_links":{"self":[{"href":"https:\/\/www.furniz.sk\/cs\/wp-json\/wp\/v2\/product\/1486122","targetHints":{"allow":["GET"]}}],"collection":[{"href":"https:\/\/www.furniz.sk\/cs\/wp-json\/wp\/v2\/product"}],"about":[{"href":"https:\/\/www.furniz.sk\/cs\/wp-json\/wp\/v2\/types\/product"}],"wp:featuredmedia":[{"embeddable":true,"href":"https:\/\/www.furniz.sk\/cs\/wp-json\/wp\/v2\/media\/1486123"}],"wp:attachment":[{"href":"https:\/\/www.furniz.sk\/cs\/wp-json\/wp\/v2\/media?parent=1486122"}],"wp:term":[{"taxonomy":"product_cat","embeddable":true,"href":"https:\/\/www.furniz.sk\/cs\/wp-json\/wp\/v2\/product_cat?post=1486122"},{"taxonomy":"product_tag","embeddable":true,"href":"https:\/\/www.furniz.sk\/cs\/wp-json\/wp\/v2\/product_tag?post=1486122"}],"curies":[{"name":"wp","href":"https:\/\/api.w.org\/{rel}","templated":true}]}}