{"id":1492864,"date":"2025-02-13T21:19:20","date_gmt":"2025-02-13T20:19:20","guid":{"rendered":"https:\/\/www.furniz.sk\/produkt\/furniz-grilovacia-udiaren-so-stiepkou-445x29x110cm-pozinkovana-ocel-2\/"},"modified":"2025-02-15T18:20:33","modified_gmt":"2025-02-15T17:20:33","slug":"furniz-grilovacia-udiaren-so-stiepkou-445x29x110cm-pozinkovana-ocel-2","status":"publish","type":"product","link":"https:\/\/www.furniz.sk\/cs\/produkt\/furniz-grilovacia-udiaren-so-stiepkou-445x29x110cm-pozinkovana-ocel-2\/","title":{"rendered":"Furniz Grilovacia udiare\u0148 so \u0161tiepkou 44,5x29x110cm pozinkovan\u00e1 oce\u013e"},"content":{"rendered":"","protected":false},"excerpt":{"rendered":"","protected":false},"featured_media":1492865,"template":"","meta":{"_seopress_robots_primary_cat":"","_seopress_titles_title":"","_seopress_titles_desc":"","_seopress_robots_index":"","_uag_custom_page_level_css":""},"product_cat":[363,799,800,220],"product_tag":[],"class_list":{"0":"post-1492864","1":"product","2":"type-product","3":"status-publish","4":"has-post-thumbnail","6":"product_cat-kuchyne-a-jedalne","7":"product_cat-kuchynske-spotrebice","8":"product_cat-vonkajsie-grily","9":"product_cat-dom-a-zahrada","10":"pa_color-srieborna","12":"first","13":"instock","14":"taxable","15":"shipping-taxable","16":"purchasable","17":"product-type-simple","18":"col-xs-6 col-sm-4","19":"col-md-3 col-lg-3","20":"un-4-cols"},"uagb_featured_image_src":{"full":["https:\/\/vdxl.im\/8720845886240_a_en_hd_1.jpg",0,0,false],"thumbnail":["https:\/\/vdxl.im\/8720845886240_a_en_hd_1.jpg",1,1,false],"medium":["https:\/\/vdxl.im\/8720845886240_a_en_hd_1.jpg",1,1,false],"medium_large":["https:\/\/vdxl.im\/8720845886240_a_en_hd_1.jpg",1,1,false],"large":["https:\/\/vdxl.im\/8720845886240_a_en_hd_1.jpg",1,1,false],"1536x1536":["https:\/\/vdxl.im\/8720845886240_a_en_hd_1.jpg",1,1,false],"2048x2048":["https:\/\/vdxl.im\/8720845886240_a_en_hd_1.jpg",1,1,false],"martfury-blog-grid":["https:\/\/vdxl.im\/8720845886240_a_en_hd_1.jpg",1,1,false],"martfury-blog-list":["https:\/\/vdxl.im\/8720845886240_a_en_hd_1.jpg",1,1,false],"martfury-blog-masonry":["https:\/\/vdxl.im\/8720845886240_a_en_hd_1.jpg",1,1,false],"woocommerce_thumbnail":["https:\/\/vdxl.im\/8720845886240_a_en_hd_1.jpg",1,1,false],"woocommerce_single":["https:\/\/vdxl.im\/8720845886240_a_en_hd_1.jpg",1,1,false],"woocommerce_gallery_thumbnail":["https:\/\/vdxl.im\/8720845886240_a_en_hd_1.jpg",1,1,false]},"uagb_author_info":{"display_name":"","author_link":"https:\/\/www.furniz.sk\/cs\/author\/"},"uagb_comment_info":0,"uagb_excerpt":null,"_links":{"self":[{"href":"https:\/\/www.furniz.sk\/cs\/wp-json\/wp\/v2\/product\/1492864","targetHints":{"allow":["GET"]}}],"collection":[{"href":"https:\/\/www.furniz.sk\/cs\/wp-json\/wp\/v2\/product"}],"about":[{"href":"https:\/\/www.furniz.sk\/cs\/wp-json\/wp\/v2\/types\/product"}],"wp:featuredmedia":[{"embeddable":true,"href":"https:\/\/www.furniz.sk\/cs\/wp-json\/wp\/v2\/media\/1492865"}],"wp:attachment":[{"href":"https:\/\/www.furniz.sk\/cs\/wp-json\/wp\/v2\/media?parent=1492864"}],"wp:term":[{"taxonomy":"product_cat","embeddable":true,"href":"https:\/\/www.furniz.sk\/cs\/wp-json\/wp\/v2\/product_cat?post=1492864"},{"taxonomy":"product_tag","embeddable":true,"href":"https:\/\/www.furniz.sk\/cs\/wp-json\/wp\/v2\/product_tag?post=1492864"}],"curies":[{"name":"wp","href":"https:\/\/api.w.org\/{rel}","templated":true}]}}