{"id":1493242,"date":"2025-02-13T21:20:22","date_gmt":"2025-02-13T20:20:22","guid":{"rendered":"https:\/\/www.furniz.sk\/produkt\/furniz-kovanie-na-posuvne-dvere-cierne-2135-cm-ocelove-5\/"},"modified":"2025-02-15T18:19:31","modified_gmt":"2025-02-15T17:19:31","slug":"furniz-kovanie-na-posuvne-dvere-cierne-2135-cm-ocelove-5","status":"publish","type":"product","link":"https:\/\/www.furniz.sk\/cs\/produkt\/furniz-kovanie-na-posuvne-dvere-cierne-2135-cm-ocelove-5\/","title":{"rendered":"Furniz Kovanie na posuvn\u00e9 dvere \u010dierne 213,5 cm oce\u013eov\u00e9"},"content":{"rendered":"","protected":false},"excerpt":{"rendered":"","protected":false},"featured_media":1493243,"template":"","meta":{"_seopress_robots_primary_cat":"","_seopress_titles_title":"","_seopress_titles_desc":"","_seopress_robots_index":"","_uag_custom_page_level_css":""},"product_cat":[206,1351,207],"product_tag":[],"class_list":{"0":"post-1493242","1":"product","2":"type-product","3":"status-publish","4":"has-post-thumbnail","6":"product_cat-naradie","7":"product_cat-prislusenstvo-k-dveram","8":"product_cat-stavebny-material","10":"first","11":"instock","12":"taxable","13":"shipping-taxable","14":"purchasable","15":"product-type-simple","16":"col-xs-6 col-sm-4","17":"col-md-3 col-lg-3","18":"un-4-cols"},"uagb_featured_image_src":{"full":["https:\/\/vdxl.im\/8721102857577_m_en_hd_1.jpg",0,0,false],"thumbnail":["https:\/\/vdxl.im\/8721102857577_m_en_hd_1.jpg",1,1,false],"medium":["https:\/\/vdxl.im\/8721102857577_m_en_hd_1.jpg",1,1,false],"medium_large":["https:\/\/vdxl.im\/8721102857577_m_en_hd_1.jpg",1,1,false],"large":["https:\/\/vdxl.im\/8721102857577_m_en_hd_1.jpg",1,1,false],"1536x1536":["https:\/\/vdxl.im\/8721102857577_m_en_hd_1.jpg",1,1,false],"2048x2048":["https:\/\/vdxl.im\/8721102857577_m_en_hd_1.jpg",1,1,false],"martfury-blog-grid":["https:\/\/vdxl.im\/8721102857577_m_en_hd_1.jpg",1,1,false],"martfury-blog-list":["https:\/\/vdxl.im\/8721102857577_m_en_hd_1.jpg",1,1,false],"martfury-blog-masonry":["https:\/\/vdxl.im\/8721102857577_m_en_hd_1.jpg",1,1,false],"woocommerce_thumbnail":["https:\/\/vdxl.im\/8721102857577_m_en_hd_1.jpg",1,1,false],"woocommerce_single":["https:\/\/vdxl.im\/8721102857577_m_en_hd_1.jpg",1,1,false],"woocommerce_gallery_thumbnail":["https:\/\/vdxl.im\/8721102857577_m_en_hd_1.jpg",1,1,false]},"uagb_author_info":{"display_name":"","author_link":"https:\/\/www.furniz.sk\/cs\/author\/"},"uagb_comment_info":0,"uagb_excerpt":null,"_links":{"self":[{"href":"https:\/\/www.furniz.sk\/cs\/wp-json\/wp\/v2\/product\/1493242","targetHints":{"allow":["GET"]}}],"collection":[{"href":"https:\/\/www.furniz.sk\/cs\/wp-json\/wp\/v2\/product"}],"about":[{"href":"https:\/\/www.furniz.sk\/cs\/wp-json\/wp\/v2\/types\/product"}],"wp:featuredmedia":[{"embeddable":true,"href":"https:\/\/www.furniz.sk\/cs\/wp-json\/wp\/v2\/media\/1493243"}],"wp:attachment":[{"href":"https:\/\/www.furniz.sk\/cs\/wp-json\/wp\/v2\/media?parent=1493242"}],"wp:term":[{"taxonomy":"product_cat","embeddable":true,"href":"https:\/\/www.furniz.sk\/cs\/wp-json\/wp\/v2\/product_cat?post=1493242"},{"taxonomy":"product_tag","embeddable":true,"href":"https:\/\/www.furniz.sk\/cs\/wp-json\/wp\/v2\/product_tag?post=1493242"}],"curies":[{"name":"wp","href":"https:\/\/api.w.org\/{rel}","templated":true}]}}