{"id":1501836,"date":"2025-02-13T21:47:34","date_gmt":"2025-02-13T20:47:34","guid":{"rendered":"https:\/\/www.furniz.sk\/produkt\/furniz-3-dielna-zahradna-sedacia-suprava-s-podlozkami-polyratan-siva-4\/"},"modified":"2025-02-15T17:56:12","modified_gmt":"2025-02-15T16:56:12","slug":"furniz-3-dielna-zahradna-sedacia-suprava-s-podlozkami-polyratan-siva-4","status":"publish","type":"product","link":"https:\/\/www.furniz.sk\/cs\/produkt\/furniz-3-dielna-zahradna-sedacia-suprava-s-podlozkami-polyratan-siva-4\/","title":{"rendered":"Furniz 3-dielna z\u00e1hradn\u00e1 sedacia s\u00faprava s podlo\u017ekami, polyratan, siv\u00e1"},"content":{"rendered":"","protected":false},"excerpt":{"rendered":"","protected":false},"featured_media":1501837,"template":"","meta":{"_seopress_robots_primary_cat":"","_seopress_titles_title":"","_seopress_titles_desc":"","_seopress_robots_index":"","_uag_custom_page_level_css":""},"product_cat":[197,445,199,198],"product_tag":[],"class_list":{"0":"post-1501836","1":"product","2":"type-product","3":"status-publish","4":"has-post-thumbnail","6":"product_cat-nabytok","7":"product_cat-zahradne-pohovky","8":"product_cat-zahradne-sedenie","9":"product_cat-zahradny-nabytok","10":"pa_color-siva","12":"first","13":"instock","14":"taxable","15":"shipping-taxable","16":"purchasable","17":"product-type-simple","18":"col-xs-6 col-sm-4","19":"col-md-3 col-lg-3","20":"un-4-cols"},"uagb_featured_image_src":{"full":["https:\/\/vdxl.im\/8718475716587_a_en_hd_1.jpg",0,0,false],"thumbnail":["https:\/\/vdxl.im\/8718475716587_a_en_hd_1.jpg",1,1,false],"medium":["https:\/\/vdxl.im\/8718475716587_a_en_hd_1.jpg",1,1,false],"medium_large":["https:\/\/vdxl.im\/8718475716587_a_en_hd_1.jpg",1,1,false],"large":["https:\/\/vdxl.im\/8718475716587_a_en_hd_1.jpg",1,1,false],"1536x1536":["https:\/\/vdxl.im\/8718475716587_a_en_hd_1.jpg",1,1,false],"2048x2048":["https:\/\/vdxl.im\/8718475716587_a_en_hd_1.jpg",1,1,false],"martfury-blog-grid":["https:\/\/vdxl.im\/8718475716587_a_en_hd_1.jpg",1,1,false],"martfury-blog-list":["https:\/\/vdxl.im\/8718475716587_a_en_hd_1.jpg",1,1,false],"martfury-blog-masonry":["https:\/\/vdxl.im\/8718475716587_a_en_hd_1.jpg",1,1,false],"woocommerce_thumbnail":["https:\/\/vdxl.im\/8718475716587_a_en_hd_1.jpg",1,1,false],"woocommerce_single":["https:\/\/vdxl.im\/8718475716587_a_en_hd_1.jpg",1,1,false],"woocommerce_gallery_thumbnail":["https:\/\/vdxl.im\/8718475716587_a_en_hd_1.jpg",1,1,false]},"uagb_author_info":{"display_name":"","author_link":"https:\/\/www.furniz.sk\/cs\/author\/"},"uagb_comment_info":0,"uagb_excerpt":null,"_links":{"self":[{"href":"https:\/\/www.furniz.sk\/cs\/wp-json\/wp\/v2\/product\/1501836","targetHints":{"allow":["GET"]}}],"collection":[{"href":"https:\/\/www.furniz.sk\/cs\/wp-json\/wp\/v2\/product"}],"about":[{"href":"https:\/\/www.furniz.sk\/cs\/wp-json\/wp\/v2\/types\/product"}],"wp:featuredmedia":[{"embeddable":true,"href":"https:\/\/www.furniz.sk\/cs\/wp-json\/wp\/v2\/media\/1501837"}],"wp:attachment":[{"href":"https:\/\/www.furniz.sk\/cs\/wp-json\/wp\/v2\/media?parent=1501836"}],"wp:term":[{"taxonomy":"product_cat","embeddable":true,"href":"https:\/\/www.furniz.sk\/cs\/wp-json\/wp\/v2\/product_cat?post=1501836"},{"taxonomy":"product_tag","embeddable":true,"href":"https:\/\/www.furniz.sk\/cs\/wp-json\/wp\/v2\/product_tag?post=1501836"}],"curies":[{"name":"wp","href":"https:\/\/api.w.org\/{rel}","templated":true}]}}