{"id":1508884,"date":"2025-02-13T23:53:43","date_gmt":"2025-02-13T22:53:43","guid":{"rendered":"https:\/\/www.furniz.sk\/produkt\/biele-stojace-okruhle-keramicke-umyvadlo-do-kupelne-s-prepadom-a-otvorom-na-bateriu\/"},"modified":"2025-02-15T17:37:35","modified_gmt":"2025-02-15T16:37:35","slug":"biele-stojace-okruhle-keramicke-umyvadlo-do-kupelne-s-prepadom-a-otvorom-na-bateriu","status":"publish","type":"product","link":"https:\/\/www.furniz.sk\/cs\/produkt\/biele-stojace-okruhle-keramicke-umyvadlo-do-kupelne-s-prepadom-a-otvorom-na-bateriu\/","title":{"rendered":"Biele stojace okr\u00fahle keramick\u00e9 um\u00fdvadlo do k\u00fape\u013ene s prepadom a otvorom na bat\u00e9riu"},"content":{"rendered":"","protected":false},"excerpt":{"rendered":"","protected":false},"featured_media":1508885,"template":"","meta":{"_seopress_robots_primary_cat":"","_seopress_titles_title":"","_seopress_titles_desc":"","_seopress_robots_index":"","_uag_custom_page_level_css":""},"product_cat":[347,239,348,349,206],"product_tag":[],"class_list":{"0":"post-1508884","1":"product","2":"type-product","3":"status-publish","4":"has-post-thumbnail","6":"product_cat-instalaterske-potreby","7":"product_cat-instalaterstvo","8":"product_cat-umyvadla","9":"product_cat-umyvadla-do-kupelne","10":"product_cat-naradie","11":"pa_color-biela","13":"first","14":"instock","15":"taxable","16":"shipping-taxable","17":"purchasable","18":"product-type-simple","19":"col-xs-6 col-sm-4","20":"col-md-3 col-lg-3","21":"un-4-cols"},"uagb_featured_image_src":{"full":["https:\/\/vdxl.im\/8718475942313_m_en_hd_1.jpg",0,0,false],"thumbnail":["https:\/\/vdxl.im\/8718475942313_m_en_hd_1.jpg",1,1,false],"medium":["https:\/\/vdxl.im\/8718475942313_m_en_hd_1.jpg",1,1,false],"medium_large":["https:\/\/vdxl.im\/8718475942313_m_en_hd_1.jpg",1,1,false],"large":["https:\/\/vdxl.im\/8718475942313_m_en_hd_1.jpg",1,1,false],"1536x1536":["https:\/\/vdxl.im\/8718475942313_m_en_hd_1.jpg",1,1,false],"2048x2048":["https:\/\/vdxl.im\/8718475942313_m_en_hd_1.jpg",1,1,false],"martfury-blog-grid":["https:\/\/vdxl.im\/8718475942313_m_en_hd_1.jpg",1,1,false],"martfury-blog-list":["https:\/\/vdxl.im\/8718475942313_m_en_hd_1.jpg",1,1,false],"martfury-blog-masonry":["https:\/\/vdxl.im\/8718475942313_m_en_hd_1.jpg",1,1,false],"woocommerce_thumbnail":["https:\/\/vdxl.im\/8718475942313_m_en_hd_1.jpg",1,1,false],"woocommerce_single":["https:\/\/vdxl.im\/8718475942313_m_en_hd_1.jpg",1,1,false],"woocommerce_gallery_thumbnail":["https:\/\/vdxl.im\/8718475942313_m_en_hd_1.jpg",1,1,false]},"uagb_author_info":{"display_name":"","author_link":"https:\/\/www.furniz.sk\/cs\/author\/"},"uagb_comment_info":0,"uagb_excerpt":null,"_links":{"self":[{"href":"https:\/\/www.furniz.sk\/cs\/wp-json\/wp\/v2\/product\/1508884","targetHints":{"allow":["GET"]}}],"collection":[{"href":"https:\/\/www.furniz.sk\/cs\/wp-json\/wp\/v2\/product"}],"about":[{"href":"https:\/\/www.furniz.sk\/cs\/wp-json\/wp\/v2\/types\/product"}],"wp:featuredmedia":[{"embeddable":true,"href":"https:\/\/www.furniz.sk\/cs\/wp-json\/wp\/v2\/media\/1508885"}],"wp:attachment":[{"href":"https:\/\/www.furniz.sk\/cs\/wp-json\/wp\/v2\/media?parent=1508884"}],"wp:term":[{"taxonomy":"product_cat","embeddable":true,"href":"https:\/\/www.furniz.sk\/cs\/wp-json\/wp\/v2\/product_cat?post=1508884"},{"taxonomy":"product_tag","embeddable":true,"href":"https:\/\/www.furniz.sk\/cs\/wp-json\/wp\/v2\/product_tag?post=1508884"}],"curies":[{"name":"wp","href":"https:\/\/api.w.org\/{rel}","templated":true}]}}