{"id":1514714,"date":"2025-02-14T00:10:03","date_gmt":"2025-02-13T23:10:03","guid":{"rendered":"https:\/\/www.furniz.sk\/produkt\/furniz-zahradny-plot-s-oblukovym-zakoncenim-ocel-85x08-m-cierny\/"},"modified":"2025-02-15T17:24:58","modified_gmt":"2025-02-15T16:24:58","slug":"furniz-zahradny-plot-s-oblukovym-zakoncenim-ocel-85x08-m-cierny","status":"publish","type":"product","link":"https:\/\/www.furniz.sk\/cs\/produkt\/furniz-zahradny-plot-s-oblukovym-zakoncenim-ocel-85x08-m-cierny\/","title":{"rendered":"Furniz Z\u00e1hradn\u00fd plot s obl\u00fakov\u00fdm zakon\u010den\u00edm, oce\u013e 8,5&#215;0,8 m, \u010dierny"},"content":{"rendered":"","protected":false},"excerpt":{"rendered":"","protected":false},"featured_media":1514715,"template":"","meta":{"_seopress_robots_primary_cat":"","_seopress_titles_title":"","_seopress_titles_desc":"","_seopress_robots_index":"","_uag_custom_page_level_css":""},"product_cat":[264,265,206],"product_tag":[],"class_list":{"0":"post-1514714","1":"product","2":"type-product","3":"status-publish","4":"has-post-thumbnail","6":"product_cat-oplotenie-a-bariery","7":"product_cat-plotove-panely","8":"product_cat-naradie","9":"pa_color-cierna","11":"first","12":"instock","13":"taxable","14":"shipping-taxable","15":"purchasable","16":"product-type-simple","17":"col-xs-6 col-sm-4","18":"col-md-3 col-lg-3","19":"un-4-cols"},"uagb_featured_image_src":{"full":["https:\/\/vdxl.im\/8719883710723_a_en_hd_1.jpg",0,0,false],"thumbnail":["https:\/\/vdxl.im\/8719883710723_a_en_hd_1.jpg",1,1,false],"medium":["https:\/\/vdxl.im\/8719883710723_a_en_hd_1.jpg",1,1,false],"medium_large":["https:\/\/vdxl.im\/8719883710723_a_en_hd_1.jpg",1,1,false],"large":["https:\/\/vdxl.im\/8719883710723_a_en_hd_1.jpg",1,1,false],"1536x1536":["https:\/\/vdxl.im\/8719883710723_a_en_hd_1.jpg",1,1,false],"2048x2048":["https:\/\/vdxl.im\/8719883710723_a_en_hd_1.jpg",1,1,false],"martfury-blog-grid":["https:\/\/vdxl.im\/8719883710723_a_en_hd_1.jpg",1,1,false],"martfury-blog-list":["https:\/\/vdxl.im\/8719883710723_a_en_hd_1.jpg",1,1,false],"martfury-blog-masonry":["https:\/\/vdxl.im\/8719883710723_a_en_hd_1.jpg",1,1,false],"woocommerce_thumbnail":["https:\/\/vdxl.im\/8719883710723_a_en_hd_1.jpg",1,1,false],"woocommerce_single":["https:\/\/vdxl.im\/8719883710723_a_en_hd_1.jpg",1,1,false],"woocommerce_gallery_thumbnail":["https:\/\/vdxl.im\/8719883710723_a_en_hd_1.jpg",1,1,false]},"uagb_author_info":{"display_name":"","author_link":"https:\/\/www.furniz.sk\/cs\/author\/"},"uagb_comment_info":0,"uagb_excerpt":null,"_links":{"self":[{"href":"https:\/\/www.furniz.sk\/cs\/wp-json\/wp\/v2\/product\/1514714","targetHints":{"allow":["GET"]}}],"collection":[{"href":"https:\/\/www.furniz.sk\/cs\/wp-json\/wp\/v2\/product"}],"about":[{"href":"https:\/\/www.furniz.sk\/cs\/wp-json\/wp\/v2\/types\/product"}],"wp:featuredmedia":[{"embeddable":true,"href":"https:\/\/www.furniz.sk\/cs\/wp-json\/wp\/v2\/media\/1514715"}],"wp:attachment":[{"href":"https:\/\/www.furniz.sk\/cs\/wp-json\/wp\/v2\/media?parent=1514714"}],"wp:term":[{"taxonomy":"product_cat","embeddable":true,"href":"https:\/\/www.furniz.sk\/cs\/wp-json\/wp\/v2\/product_cat?post=1514714"},{"taxonomy":"product_tag","embeddable":true,"href":"https:\/\/www.furniz.sk\/cs\/wp-json\/wp\/v2\/product_tag?post=1514714"}],"curies":[{"name":"wp","href":"https:\/\/api.w.org\/{rel}","templated":true}]}}