{"id":1519478,"date":"2025-02-14T00:27:48","date_gmt":"2025-02-13T23:27:48","guid":{"rendered":"https:\/\/www.furniz.sk\/produkt\/furniz-zdvihacie-a-sklapacie-elektricke-masazne-kreslo-vinove-latka-19\/"},"modified":"2025-02-15T17:15:02","modified_gmt":"2025-02-15T16:15:02","slug":"furniz-zdvihacie-a-sklapacie-elektricke-masazne-kreslo-vinove-latka-19","status":"publish","type":"product","link":"https:\/\/www.furniz.sk\/cs\/produkt\/furniz-zdvihacie-a-sklapacie-elektricke-masazne-kreslo-vinove-latka-19\/","title":{"rendered":"Furniz Zdv\u00edhacie a skl\u00e1pacie elektrick\u00e9 mas\u00e1\u017ene kreslo, v\u00ednov\u00e9, l\u00e1tka"},"content":{"rendered":"","protected":false},"excerpt":{"rendered":"","protected":false},"featured_media":1519479,"template":"","meta":{"_seopress_robots_primary_cat":"","_seopress_titles_title":"","_seopress_titles_desc":"","_seopress_robots_index":"","_uag_custom_page_level_css":""},"product_cat":[288,714,197],"product_tag":[],"class_list":{"0":"post-1519478","1":"product","2":"type-product","3":"status-publish","4":"has-post-thumbnail","6":"product_cat-kresla-a-stolicky","7":"product_cat-kresla-s-opierkami-polohovacie-a-rozkladacie-kresla","8":"product_cat-nabytok","9":"pa_color-cervena","11":"first","12":"instock","13":"taxable","14":"shipping-taxable","15":"purchasable","16":"product-type-simple","17":"col-xs-6 col-sm-4","18":"col-md-3 col-lg-3","19":"un-4-cols"},"uagb_featured_image_src":{"full":["https:\/\/vdxl.im\/8721012172371_m_en_hd_1.jpg",0,0,false],"thumbnail":["https:\/\/vdxl.im\/8721012172371_m_en_hd_1.jpg",1,1,false],"medium":["https:\/\/vdxl.im\/8721012172371_m_en_hd_1.jpg",1,1,false],"medium_large":["https:\/\/vdxl.im\/8721012172371_m_en_hd_1.jpg",1,1,false],"large":["https:\/\/vdxl.im\/8721012172371_m_en_hd_1.jpg",1,1,false],"1536x1536":["https:\/\/vdxl.im\/8721012172371_m_en_hd_1.jpg",1,1,false],"2048x2048":["https:\/\/vdxl.im\/8721012172371_m_en_hd_1.jpg",1,1,false],"martfury-blog-grid":["https:\/\/vdxl.im\/8721012172371_m_en_hd_1.jpg",1,1,false],"martfury-blog-list":["https:\/\/vdxl.im\/8721012172371_m_en_hd_1.jpg",1,1,false],"martfury-blog-masonry":["https:\/\/vdxl.im\/8721012172371_m_en_hd_1.jpg",1,1,false],"woocommerce_thumbnail":["https:\/\/vdxl.im\/8721012172371_m_en_hd_1.jpg",1,1,false],"woocommerce_single":["https:\/\/vdxl.im\/8721012172371_m_en_hd_1.jpg",1,1,false],"woocommerce_gallery_thumbnail":["https:\/\/vdxl.im\/8721012172371_m_en_hd_1.jpg",1,1,false]},"uagb_author_info":{"display_name":"","author_link":"https:\/\/www.furniz.sk\/cs\/author\/"},"uagb_comment_info":0,"uagb_excerpt":null,"_links":{"self":[{"href":"https:\/\/www.furniz.sk\/cs\/wp-json\/wp\/v2\/product\/1519478","targetHints":{"allow":["GET"]}}],"collection":[{"href":"https:\/\/www.furniz.sk\/cs\/wp-json\/wp\/v2\/product"}],"about":[{"href":"https:\/\/www.furniz.sk\/cs\/wp-json\/wp\/v2\/types\/product"}],"wp:featuredmedia":[{"embeddable":true,"href":"https:\/\/www.furniz.sk\/cs\/wp-json\/wp\/v2\/media\/1519479"}],"wp:attachment":[{"href":"https:\/\/www.furniz.sk\/cs\/wp-json\/wp\/v2\/media?parent=1519478"}],"wp:term":[{"taxonomy":"product_cat","embeddable":true,"href":"https:\/\/www.furniz.sk\/cs\/wp-json\/wp\/v2\/product_cat?post=1519478"},{"taxonomy":"product_tag","embeddable":true,"href":"https:\/\/www.furniz.sk\/cs\/wp-json\/wp\/v2\/product_tag?post=1519478"}],"curies":[{"name":"wp","href":"https:\/\/api.w.org\/{rel}","templated":true}]}}